{"id":98,"date":"2019-12-30T11:34:07","date_gmt":"2019-12-30T10:34:07","guid":{"rendered":"http:\/\/mv-steinmauern.de\/?page_id=98"},"modified":"2020-01-02T16:51:44","modified_gmt":"2020-01-02T15:51:44","slug":"mediennutzung","status":"publish","type":"page","link":"https:\/\/mv-steinmauern.de\/?page_id=98","title":{"rendered":"Mediennutzung"},"content":{"rendered":"\n<p><strong>1. Allgemeine Urheberrechte <\/strong><\/p>\n\n\n\n<p>Die Urheberrechte der auf den Internetseiten benutzten Medien liegen, soweit nicht anders angegeben bei den Mitgliedern des Vereins und wurden ohne zeitliche Begrenzung zur Verf\u00fcgung gestellt Soweit Dritte Medien zur Verf\u00fcgung gestellt haben, sind die Urheber in den jeweiligen Bildunterschriften vermerkt oder haben auf eine Namensnennung schriftlich verzichtet. Stammen Bilder aus der kostenlosen Mediendatenbank Pixelio, so ist dies im Bildnachweis unter Nennung von Autor \/ piexlio.de vermerkt.<\/p>\n\n\n\n<p><strong>2. Zu diesen Medien z\u00e4hlen exemplarisch: <\/strong><\/p>\n\n\n\n<ul class=\"wp-block-list\"><li>Fotos<\/li><li>Logos<\/li><li>Videos<\/li><li>Audio-Dateien<\/li><li>Diagramme<\/li><li>Texte<\/li><\/ul>\n\n\n\n<p><strong>3. Recht auf L\u00f6schung<\/strong><\/p>\n\n\n\n<p>F\u00fcr den Fall, dass Sie oder ein sonstig Betroffener auf unserer Seite einen Bezug zu seiner Person gel\u00f6scht haben m\u00f6chte, kommen wir dem selbstverst\u00e4ndlich nach.<\/p>\n","protected":false},"excerpt":{"rendered":"<p>1. Allgemeine Urheberrechte Die Urheberrechte der auf den Internetseiten benutzten Medien liegen, soweit nicht anders angegeben bei den Mitgliedern des Vereins und wurden ohne zeitliche Begrenzung zur Verf\u00fcgung gestellt Soweit Dritte Medien zur Verf\u00fcgung gestellt haben, sind die Urheber in den jeweiligen Bildunterschriften vermerkt oder haben auf eine Namensnennung schriftlich verzichtet. Stammen Bilder aus der &hellip; <\/p>\n<p class=\"link-more\"><a href=\"https:\/\/mv-steinmauern.de\/?page_id=98\" class=\"more-link\"><span class=\"screen-reader-text\">\u201eMediennutzung\u201c <\/span>weiterlesen<\/a><\/p>\n","protected":false},"author":1,"featured_media":0,"parent":0,"menu_order":0,"comment_status":"closed","ping_status":"closed","template":"","meta":{"footnotes":""},"class_list":["post-98","page","type-page","status-publish","hentry"],"_links":{"self":[{"href":"https:\/\/mv-steinmauern.de\/index.php?rest_route=\/wp\/v2\/pages\/98","targetHints":{"allow":["GET"]}}],"collection":[{"href":"https:\/\/mv-steinmauern.de\/index.php?rest_route=\/wp\/v2\/pages"}],"about":[{"href":"https:\/\/mv-steinmauern.de\/index.php?rest_route=\/wp\/v2\/types\/page"}],"author":[{"embeddable":true,"href":"https:\/\/mv-steinmauern.de\/index.php?rest_route=\/wp\/v2\/users\/1"}],"replies":[{"embeddable":true,"href":"https:\/\/mv-steinmauern.de\/index.php?rest_route=%2Fwp%2Fv2%2Fcomments&post=98"}],"version-history":[{"count":3,"href":"https:\/\/mv-steinmauern.de\/index.php?rest_route=\/wp\/v2\/pages\/98\/revisions"}],"predecessor-version":[{"id":205,"href":"https:\/\/mv-steinmauern.de\/index.php?rest_route=\/wp\/v2\/pages\/98\/revisions\/205"}],"wp:attachment":[{"href":"https:\/\/mv-steinmauern.de\/index.php?rest_route=%2Fwp%2Fv2%2Fmedia&parent=98"}],"curies":[{"name":"wp","href":"https:\/\/api.w.org\/{rel}","templated":true}]}}