{"id":97,"date":"2019-12-30T11:34:07","date_gmt":"2019-12-30T10:34:07","guid":{"rendered":"http:\/\/mv-steinmauern.de\/?page_id=97"},"modified":"2020-09-15T07:57:30","modified_gmt":"2020-09-15T06:57:30","slug":"dsgvo-erklaerung","status":"publish","type":"page","link":"https:\/\/mv-steinmauern.de\/?page_id=97","title":{"rendered":"DSGVO Erkl\u00e4rung"},"content":{"rendered":"\n<p><strong>1. Name und Anschrift der verantwortlichen Stelle<\/strong><\/p>\n\n\n\n<p>Musikverein 1951 Steinmauern e.V.<br>Korbmacherweg 4<br>76479 Steinmauern <\/p>\n\n\n\n<p><strong>2. Vertretung<\/strong><\/p>\n\n\n\n<p>Daniel Klein, (1. Vorsitzender) <br><\/p>\n\n\n\n<p><strong>3. Verantwortlicher f\u00fcr Datenverarbeitung<\/strong><\/p>\n\n\n\n<p>Daniel Klein, (1. Vorsitzender)<\/p>\n\n\n\n<p><strong>4. Datenschutzbeauftragter <\/strong><\/p>\n\n\n\n<p>Ein Datenschutzbeauftragter ist nicht bestellt. Die Notwendigkeit ist nach Artikel 37 DSGVO nicht gegeben.<\/p>\n\n\n\n<p><strong>5. Zweckbestimmung der Datenerhebung, -Verarbeitung oder -Nutzung<\/strong><\/p>\n\n\n\n<p>Zum Zwecke der Mitgliederverwaltung werden der Name, Vorname, Adresse, Eintrittsdatum, Geburtsdatum, Kontaktdaten und Ehrungsdaten &#8211; bei aktiven Mitgliedern zus\u00e4tzlich Instrument, Orchesterzugeh\u00f6rigkeit, Ausbilder und Funktionen im Verein verarbeitet. Diese Daten beim Vereinseintritt f\u00fcr die Verfolgung des Vereinsziels und f\u00fcr die Mitgliederbetreuung und -verwaltung notwendigerweise erhoben. Die Rechtsgrundlage hierf\u00fcr ist Art. 6 Abs. lit. b) DS-GVO.\nZum Zwecke der Beitragsverwaltung wird die Bankverbindung verarbeitet. Die Rechtsgrundlage hierf\u00fcr ist Art. 6 Abs. lit. b) DS-GVO.\nZum Zwecke der Au\u00dfendarstellung werden Namen und ggfs. Fotos von aktiven Mitglieder sowie Fotos von Veranstaltungen auf der Vereinswebseite www.musikverein-steinmauern.de ver\u00f6ffentlicht. Die Rechtsgrundlage hierf\u00fcr ist Art. 6 Abs. lit a) DS-GVO.\nZum Zwecke der Buchf\u00fchrung werden Namen, Adressen, Bankverbindungen, sowie Rechnungs- und Buchungsdaten von Lieferanten, Ausbildern, Aushilfen, Spendern und Sponsoren verarbeitet. Rechtsgrundlage hierf\u00fcr ist Art. 6 Abs. lit. b) DS-GVO.<\/p>\n\n\n\n<p><strong>6. Beschreibung der betroffenen Personengruppen und Datenkategorien<\/strong><\/p>\n\n\n\n<p>Zu folgenden Personengruppen werden personenbezogenen Daten zur Erf\u00fcllung der Zweckbestimmung erhoben, verarbeitet und genutzt:\n&#8211; Mitglieder: hier insbesondere Kontaktdaten, wie Anschrift, Bankdaten, Telefonnummer, Fax- und E-Mail-Adresse.\n&#8211; Lieferanten und Sponsoren: hier insbesondere Kontaktdaten, wie Anschrift, Telefon-, Fax- und E-Mail-Adresse, Kontakt- und Auftragshistorie, sowie weitere Daten die zur Vertragserf\u00fcllung notwendig sind.<\/p>\n\n\n\n<p><strong>7. Empf\u00e4nger oder Kategorien von Empf\u00e4ngern, denen die Daten mitgeteilt werden k\u00f6nnen.<\/strong><\/p>\n\n\n\n<ul class=\"wp-block-list\"><li>\u00d6ffentliche Stellen, die aufgrund gesetzlicher Vorschriften Daten erhalten d\u00fcrfen oder anfordern. <\/li><li>Bankinstitute im Rahmen des Zahlungsverkehrs<\/li><li>Blasmusikverband Mittelbaden <\/li><li>Interne Stellen, wie Mitgliederverwaltung, Buchhaltung,<\/li><\/ul>\n\n\n\n<p><strong>8. Regelfristen f\u00fcr die L\u00f6schung der Daten<\/strong><\/p>\n\n\n\n<p>Es bestehen vielf\u00e4ltige Aufbewahrungspflichten und -fristen. Nach Ablauf dieser Fristen werden die entsprechenden Daten routinem\u00e4\u00dfig gel\u00f6scht, wenn sie nicht mehr zur Vertragserf\u00fcllung erforderlich sind. Da pers\u00f6nliche Daten auch in der Buchhaltung verwendet werden, gelten hier die Aufbewahrungsfristen aus dem Finanz- und Steuerrecht.\nDaten, die nicht unter die vorstehenden Aufbewahrungsfristen fallen, werden gel\u00f6scht, sobald diese nicht mehr f\u00fcr den Zweck der urspr\u00fcnglichen Speicherung ben\u00f6tigt werden.<\/p>\n\n\n\n<p><strong>9. Geplante Daten\u00fcbermittlung in Drittstaaten<\/strong><\/p>\n\n\n\n<p>Derzeit sind keine Daten\u00fcbermittlungen in Drittstaaten geplant. <\/p>\n\n\n\n<p><strong>10. Technische Verfahren zur Datensicherheit<\/strong><\/p>\n\n\n\n<p>Die Funktionstr\u00e4ger des Musikvereines Steinmauern ergreifen alle notwendigen Ma\u00dfnahmen zur Gew\u00e4hrleistung von Vertraulichkeit, Integrit\u00e4t und Verf\u00fcgbarkeit der Daten sowie technische und organisatorische Ma\u00dfnahmen zur schnellen Wiederherstellung von Systemen bei technischen Zwischenf\u00e4llen.  <\/p>\n\n\n\n<p>Stand 18.05.2018<\/p>\n\n\n\n<p>Musikverein 1951 Steinmauern e.V.<\/p>\n\n\n\n<p>Der Vorstand<\/p>\n","protected":false},"excerpt":{"rendered":"<p>1. Name und Anschrift der verantwortlichen Stelle Musikverein 1951 Steinmauern e.V.Korbmacherweg 476479 Steinmauern 2. Vertretung Daniel Klein, (1. Vorsitzender) 3. Verantwortlicher f\u00fcr Datenverarbeitung Daniel Klein, (1. Vorsitzender) 4. Datenschutzbeauftragter Ein Datenschutzbeauftragter ist nicht bestellt. Die Notwendigkeit ist nach Artikel 37 DSGVO nicht gegeben. 5. Zweckbestimmung der Datenerhebung, -Verarbeitung oder -Nutzung Zum Zwecke der Mitgliederverwaltung werden &hellip; <\/p>\n<p class=\"link-more\"><a href=\"https:\/\/mv-steinmauern.de\/?page_id=97\" class=\"more-link\"><span class=\"screen-reader-text\">\u201eDSGVO Erkl\u00e4rung\u201c <\/span>weiterlesen<\/a><\/p>\n","protected":false},"author":1,"featured_media":0,"parent":0,"menu_order":0,"comment_status":"closed","ping_status":"closed","template":"","meta":{"footnotes":""},"class_list":["post-97","page","type-page","status-publish","hentry"],"_links":{"self":[{"href":"https:\/\/mv-steinmauern.de\/index.php?rest_route=\/wp\/v2\/pages\/97","targetHints":{"allow":["GET"]}}],"collection":[{"href":"https:\/\/mv-steinmauern.de\/index.php?rest_route=\/wp\/v2\/pages"}],"about":[{"href":"https:\/\/mv-steinmauern.de\/index.php?rest_route=\/wp\/v2\/types\/page"}],"author":[{"embeddable":true,"href":"https:\/\/mv-steinmauern.de\/index.php?rest_route=\/wp\/v2\/users\/1"}],"replies":[{"embeddable":true,"href":"https:\/\/mv-steinmauern.de\/index.php?rest_route=%2Fwp%2Fv2%2Fcomments&post=97"}],"version-history":[{"count":3,"href":"https:\/\/mv-steinmauern.de\/index.php?rest_route=\/wp\/v2\/pages\/97\/revisions"}],"predecessor-version":[{"id":427,"href":"https:\/\/mv-steinmauern.de\/index.php?rest_route=\/wp\/v2\/pages\/97\/revisions\/427"}],"wp:attachment":[{"href":"https:\/\/mv-steinmauern.de\/index.php?rest_route=%2Fwp%2Fv2%2Fmedia&parent=97"}],"curies":[{"name":"wp","href":"https:\/\/api.w.org\/{rel}","templated":true}]}}