{"id":604,"date":"2023-11-05T13:28:44","date_gmt":"2023-11-05T12:28:44","guid":{"rendered":"https:\/\/mv-steinmauern.de\/?page_id=604"},"modified":"2023-11-05T13:48:24","modified_gmt":"2023-11-05T12:48:24","slug":"das-jugendorchester-mv-eis","status":"publish","type":"page","link":"https:\/\/mv-steinmauern.de\/?page_id=604","title":{"rendered":"Das Jugendorchester &#8222;MV EIS&#8220;"},"content":{"rendered":"\n<p>In Kooperation mit dem <a rel=\"noreferrer noopener\" href=\"https:\/\/www.mv-elchesheim-illingen.de\/\" target=\"_blank\">Musikverein Elchesheim-Illingen<\/a>  vertiefen Jugendliche &#8211; h\u00e4ufig mit Unterst\u00fctzung durch junge Erwachsene &#8211; ihre F\u00e4higkeiten beim Musizieren im Ensemble. Das Jugendorchester ist zuglich das \u201eSprungbrett\u201c f\u00fcr junge  Musikerinnen und Musiker, die bald im \u201eGro\u00dfen Orchester\u201c mitspielen wollen.<\/p>\n\n\n\n<p>Nach ca. zwei Jahren Instrumentalunterricht k\u00f6nnen die Nachwuchsmusiker dort einsteigen. Das Jugendorchester tritt zu verschiedenen Anl\u00e4ssen in der Region vor Publikum auf und wird im Herbst 2024 sein ein erstes eigenes Jugend-Konzert und bestreiten.<\/p>\n\n\n\n<figure class=\"wp-block-gallery has-nested-images columns-default is-cropped wp-block-gallery-1 is-layout-flex wp-block-gallery-is-layout-flex\">\n<figure class=\"wp-block-image size-full\"><a href=\"https:\/\/mv-steinmauern.de\/wp-content\/uploads\/2023\/11\/Jugendorchester-1.jpg\"><img loading=\"lazy\" decoding=\"async\" width=\"2000\" height=\"965\" data-id=\"610\" src=\"https:\/\/mv-steinmauern.de\/wp-content\/uploads\/2023\/11\/Jugendorchester-1.jpg\" alt=\"\" class=\"wp-image-610\" srcset=\"https:\/\/mv-steinmauern.de\/wp-content\/uploads\/2023\/11\/Jugendorchester-1.jpg 2000w, https:\/\/mv-steinmauern.de\/wp-content\/uploads\/2023\/11\/Jugendorchester-1-300x145.jpg 300w, https:\/\/mv-steinmauern.de\/wp-content\/uploads\/2023\/11\/Jugendorchester-1-768x371.jpg 768w, https:\/\/mv-steinmauern.de\/wp-content\/uploads\/2023\/11\/Jugendorchester-1-1536x741.jpg 1536w\" sizes=\"auto, (max-width: 767px) 89vw, (max-width: 1000px) 54vw, (max-width: 1071px) 543px, 580px\" \/><\/a><\/figure>\n<\/figure>\n\n\n\n<p>\u00dcbrigens: &#8222;MV EIS&#8220; bedeutet &#8222;Musikverein Elchesheim-Illingen\/Steinmauern&#8220;.<\/p>\n","protected":false},"excerpt":{"rendered":"<p>In Kooperation mit dem Musikverein Elchesheim-Illingen vertiefen Jugendliche &#8211; h\u00e4ufig mit Unterst\u00fctzung durch junge Erwachsene &#8211; ihre F\u00e4higkeiten beim Musizieren im Ensemble. Das Jugendorchester ist zuglich das \u201eSprungbrett\u201c f\u00fcr junge Musikerinnen und Musiker, die bald im \u201eGro\u00dfen Orchester\u201c mitspielen wollen. Nach ca. zwei Jahren Instrumentalunterricht k\u00f6nnen die Nachwuchsmusiker dort einsteigen. Das Jugendorchester tritt zu verschiedenen &hellip; <\/p>\n<p class=\"link-more\"><a href=\"https:\/\/mv-steinmauern.de\/?page_id=604\" class=\"more-link\"><span class=\"screen-reader-text\">\u201eDas Jugendorchester &#8222;MV EIS&#8220;\u201c <\/span>weiterlesen<\/a><\/p>\n","protected":false},"author":1,"featured_media":0,"parent":0,"menu_order":0,"comment_status":"closed","ping_status":"closed","template":"","meta":{"footnotes":""},"class_list":["post-604","page","type-page","status-publish","hentry"],"_links":{"self":[{"href":"https:\/\/mv-steinmauern.de\/index.php?rest_route=\/wp\/v2\/pages\/604","targetHints":{"allow":["GET"]}}],"collection":[{"href":"https:\/\/mv-steinmauern.de\/index.php?rest_route=\/wp\/v2\/pages"}],"about":[{"href":"https:\/\/mv-steinmauern.de\/index.php?rest_route=\/wp\/v2\/types\/page"}],"author":[{"embeddable":true,"href":"https:\/\/mv-steinmauern.de\/index.php?rest_route=\/wp\/v2\/users\/1"}],"replies":[{"embeddable":true,"href":"https:\/\/mv-steinmauern.de\/index.php?rest_route=%2Fwp%2Fv2%2Fcomments&post=604"}],"version-history":[{"count":3,"href":"https:\/\/mv-steinmauern.de\/index.php?rest_route=\/wp\/v2\/pages\/604\/revisions"}],"predecessor-version":[{"id":623,"href":"https:\/\/mv-steinmauern.de\/index.php?rest_route=\/wp\/v2\/pages\/604\/revisions\/623"}],"wp:attachment":[{"href":"https:\/\/mv-steinmauern.de\/index.php?rest_route=%2Fwp%2Fv2%2Fmedia&parent=604"}],"curies":[{"name":"wp","href":"https:\/\/api.w.org\/{rel}","templated":true}]}}