{"id":602,"date":"2023-11-05T13:10:43","date_gmt":"2023-11-05T12:10:43","guid":{"rendered":"https:\/\/mv-steinmauern.de\/?page_id=602"},"modified":"2024-03-24T14:25:41","modified_gmt":"2024-03-24T13:25:41","slug":"das-blaeserensemble","status":"publish","type":"page","link":"https:\/\/mv-steinmauern.de\/?page_id=602","title":{"rendered":"Das Bl\u00e4serensemble"},"content":{"rendered":"\n<p>Zu verschiedenen Anl\u00e4ssen wie z.B. Empf\u00e4ngen, Jubil\u00e4en, oder am Ehrungsabend der Gemeinde Steinmauern, aber auch zu kirchlichen Anl\u00e4ssen tritt der Muskiverein Steinmauern in kleinerer Besetzung  mit seinem Bl\u00e4senensemble auf: mal als Bl\u00e4serquartett, mal zu f\u00fcnft, mal als Sextett, je nach Literatur, \u00d6rtlichkeit  und Anlass.<\/p>\n\n\n\n<p>Komm bald mal wieder auf diese Seite, dann gibt es hier auch Bilder und weitere Informationen zum Bl\u00e4serensemble &#8230;<\/p>\n\n\n\n<p><\/p>\n","protected":false},"excerpt":{"rendered":"<p>Zu verschiedenen Anl\u00e4ssen wie z.B. Empf\u00e4ngen, Jubil\u00e4en, oder am Ehrungsabend der Gemeinde Steinmauern, aber auch zu kirchlichen Anl\u00e4ssen tritt der Muskiverein Steinmauern in kleinerer Besetzung mit seinem Bl\u00e4senensemble auf: mal als Bl\u00e4serquartett, mal zu f\u00fcnft, mal als Sextett, je nach Literatur, \u00d6rtlichkeit und Anlass. Komm bald mal wieder auf diese Seite, dann gibt es hier &hellip; <\/p>\n<p class=\"link-more\"><a href=\"https:\/\/mv-steinmauern.de\/?page_id=602\" class=\"more-link\"><span class=\"screen-reader-text\">\u201eDas Bl\u00e4serensemble\u201c <\/span>weiterlesen<\/a><\/p>\n","protected":false},"author":1,"featured_media":0,"parent":0,"menu_order":0,"comment_status":"closed","ping_status":"closed","template":"","meta":{"footnotes":""},"class_list":["post-602","page","type-page","status-publish","hentry"],"_links":{"self":[{"href":"https:\/\/mv-steinmauern.de\/index.php?rest_route=\/wp\/v2\/pages\/602","targetHints":{"allow":["GET"]}}],"collection":[{"href":"https:\/\/mv-steinmauern.de\/index.php?rest_route=\/wp\/v2\/pages"}],"about":[{"href":"https:\/\/mv-steinmauern.de\/index.php?rest_route=\/wp\/v2\/types\/page"}],"author":[{"embeddable":true,"href":"https:\/\/mv-steinmauern.de\/index.php?rest_route=\/wp\/v2\/users\/1"}],"replies":[{"embeddable":true,"href":"https:\/\/mv-steinmauern.de\/index.php?rest_route=%2Fwp%2Fv2%2Fcomments&post=602"}],"version-history":[{"count":3,"href":"https:\/\/mv-steinmauern.de\/index.php?rest_route=\/wp\/v2\/pages\/602\/revisions"}],"predecessor-version":[{"id":688,"href":"https:\/\/mv-steinmauern.de\/index.php?rest_route=\/wp\/v2\/pages\/602\/revisions\/688"}],"wp:attachment":[{"href":"https:\/\/mv-steinmauern.de\/index.php?rest_route=%2Fwp%2Fv2%2Fmedia&parent=602"}],"curies":[{"name":"wp","href":"https:\/\/api.w.org\/{rel}","templated":true}]}}