{"id":57,"date":"2019-12-30T09:40:01","date_gmt":"2019-12-30T09:40:01","guid":{"rendered":"http:\/\/mv-steinmauern.de\/?page_id=57"},"modified":"2025-07-30T11:26:55","modified_gmt":"2025-07-30T10:26:55","slug":"winterfeier","status":"publish","type":"page","link":"https:\/\/mv-steinmauern.de\/?page_id=57","title":{"rendered":"Winterfeier"},"content":{"rendered":"\n<p>Nicht mehr wegzudenken aus dem Steinmaurer Veranstaltungskalender ist die Winterfeier des Musikvereins. Jeweils am ersten Samstag im Neuen Jahr l\u00e4dt der Verein zu dieser ganz besonderen Veranstaltung ein. Es kommt au\u00dfer beschwinglicher Blasmusik ein heiteres mundartliches Theaterst\u00fcck der Theatergruppe des MV Steinmauern zur Auff\u00fchrung. <\/p>\n\n\n\n<figure class=\"wp-block-image size-large\"><img loading=\"lazy\" decoding=\"async\" width=\"1422\" height=\"2000\" src=\"https:\/\/mv-steinmauern.de\/wp-content\/uploads\/2024\/12\/MV-Plakat-Winterfeier-2025-1422x2000.jpg\" alt=\"\" class=\"wp-image-849\" srcset=\"https:\/\/mv-steinmauern.de\/wp-content\/uploads\/2024\/12\/MV-Plakat-Winterfeier-2025-1422x2000.jpg 1422w, https:\/\/mv-steinmauern.de\/wp-content\/uploads\/2024\/12\/MV-Plakat-Winterfeier-2025-213x300.jpg 213w, https:\/\/mv-steinmauern.de\/wp-content\/uploads\/2024\/12\/MV-Plakat-Winterfeier-2025-768x1080.jpg 768w, https:\/\/mv-steinmauern.de\/wp-content\/uploads\/2024\/12\/MV-Plakat-Winterfeier-2025-1092x1536.jpg 1092w, https:\/\/mv-steinmauern.de\/wp-content\/uploads\/2024\/12\/MV-Plakat-Winterfeier-2025-1456x2048.jpg 1456w, https:\/\/mv-steinmauern.de\/wp-content\/uploads\/2024\/12\/MV-Plakat-Winterfeier-2025-scaled.jpg 1820w\" sizes=\"auto, (max-width: 767px) 89vw, (max-width: 1000px) 54vw, (max-width: 1071px) 543px, 580px\" \/><\/figure>\n\n\n\n<p>Und hier einige Bilder aus den Theaterst\u00fccken der <strong>Vorjahre<\/strong>:<\/p>\n\n\n\n<figure class=\"wp-block-gallery has-nested-images columns-2 is-cropped wp-block-gallery-1 is-layout-flex wp-block-gallery-is-layout-flex\">\n<figure class=\"wp-block-image size-large\"><a href=\"https:\/\/mv-steinmauern.de\/wp-content\/uploads\/2019\/12\/wf13c.jpg\"><img loading=\"lazy\" decoding=\"async\" width=\"600\" height=\"400\" data-id=\"94\" src=\"http:\/\/mv-steinmauern.de\/wp-content\/uploads\/2019\/12\/wf13c.jpg\" alt=\"\" class=\"wp-image-94\" srcset=\"https:\/\/mv-steinmauern.de\/wp-content\/uploads\/2019\/12\/wf13c.jpg 600w, https:\/\/mv-steinmauern.de\/wp-content\/uploads\/2019\/12\/wf13c-300x200.jpg 300w\" sizes=\"auto, (max-width: 600px) 100vw, 600px\" \/><\/a><\/figure>\n\n\n\n<figure class=\"wp-block-image size-large\"><a href=\"https:\/\/mv-steinmauern.de\/wp-content\/uploads\/2019\/12\/Theatergruppe-klein.jpg\"><img loading=\"lazy\" decoding=\"async\" width=\"600\" height=\"259\" data-id=\"90\" src=\"http:\/\/mv-steinmauern.de\/wp-content\/uploads\/2019\/12\/Theatergruppe-klein.jpg\" alt=\"\" class=\"wp-image-90\" srcset=\"https:\/\/mv-steinmauern.de\/wp-content\/uploads\/2019\/12\/Theatergruppe-klein.jpg 600w, https:\/\/mv-steinmauern.de\/wp-content\/uploads\/2019\/12\/Theatergruppe-klein-300x130.jpg 300w\" sizes=\"auto, (max-width: 600px) 100vw, 600px\" \/><\/a><\/figure>\n\n\n\n<figure class=\"wp-block-image size-large\"><a href=\"https:\/\/mv-steinmauern.de\/wp-content\/uploads\/2019\/12\/IMG_3608x-scaled.jpg\"><img loading=\"lazy\" decoding=\"async\" width=\"626\" height=\"1024\" data-id=\"89\" src=\"http:\/\/mv-steinmauern.de\/wp-content\/uploads\/2019\/12\/IMG_3608x-626x1024.jpg\" alt=\"\" class=\"wp-image-89\" srcset=\"https:\/\/mv-steinmauern.de\/wp-content\/uploads\/2019\/12\/IMG_3608x-626x1024.jpg 626w, https:\/\/mv-steinmauern.de\/wp-content\/uploads\/2019\/12\/IMG_3608x-183x300.jpg 183w, https:\/\/mv-steinmauern.de\/wp-content\/uploads\/2019\/12\/IMG_3608x-768x1256.jpg 768w, https:\/\/mv-steinmauern.de\/wp-content\/uploads\/2019\/12\/IMG_3608x-939x1536.jpg 939w, https:\/\/mv-steinmauern.de\/wp-content\/uploads\/2019\/12\/IMG_3608x-1252x2048.jpg 1252w, https:\/\/mv-steinmauern.de\/wp-content\/uploads\/2019\/12\/IMG_3608x-scaled.jpg 1565w\" sizes=\"auto, (max-width: 626px) 100vw, 626px\" \/><\/a><\/figure>\n\n\n\n<figure class=\"wp-block-image size-large\"><a href=\"https:\/\/mv-steinmauern.de\/wp-content\/uploads\/2019\/12\/IMG_3640x.jpg\"><img loading=\"lazy\" decoding=\"async\" width=\"1024\" height=\"587\" data-id=\"88\" src=\"http:\/\/mv-steinmauern.de\/wp-content\/uploads\/2019\/12\/IMG_3640x-1024x587.jpg\" alt=\"\" class=\"wp-image-88\" srcset=\"https:\/\/mv-steinmauern.de\/wp-content\/uploads\/2019\/12\/IMG_3640x-1024x587.jpg 1024w, https:\/\/mv-steinmauern.de\/wp-content\/uploads\/2019\/12\/IMG_3640x-300x172.jpg 300w, https:\/\/mv-steinmauern.de\/wp-content\/uploads\/2019\/12\/IMG_3640x-768x440.jpg 768w, https:\/\/mv-steinmauern.de\/wp-content\/uploads\/2019\/12\/IMG_3640x-1536x880.jpg 1536w, https:\/\/mv-steinmauern.de\/wp-content\/uploads\/2019\/12\/IMG_3640x-2048x1174.jpg 2048w\" sizes=\"auto, (max-width: 767px) 89vw, (max-width: 1000px) 54vw, (max-width: 1071px) 543px, 580px\" \/><\/a><\/figure>\n\n\n\n<figure class=\"wp-block-image size-large\"><a href=\"https:\/\/mv-steinmauern.de\/wp-content\/uploads\/2019\/12\/Thetaegruppe-2016.jpg\"><img loading=\"lazy\" decoding=\"async\" width=\"600\" height=\"340\" data-id=\"85\" src=\"http:\/\/mv-steinmauern.de\/wp-content\/uploads\/2019\/12\/Thetaegruppe-2016.jpg\" alt=\"\" class=\"wp-image-85\" srcset=\"https:\/\/mv-steinmauern.de\/wp-content\/uploads\/2019\/12\/Thetaegruppe-2016.jpg 600w, https:\/\/mv-steinmauern.de\/wp-content\/uploads\/2019\/12\/Thetaegruppe-2016-300x170.jpg 300w\" sizes=\"auto, (max-width: 600px) 100vw, 600px\" \/><\/a><\/figure>\n<\/figure>\n","protected":false},"excerpt":{"rendered":"<p>Nicht mehr wegzudenken aus dem Steinmaurer Veranstaltungskalender ist die Winterfeier des Musikvereins. Jeweils am ersten Samstag im Neuen Jahr l\u00e4dt der Verein zu dieser ganz besonderen Veranstaltung ein. Es kommt au\u00dfer beschwinglicher Blasmusik ein heiteres mundartliches Theaterst\u00fcck der Theatergruppe des MV Steinmauern zur Auff\u00fchrung. Und hier einige Bilder aus den Theaterst\u00fccken der Vorjahre:<\/p>\n","protected":false},"author":1,"featured_media":515,"parent":0,"menu_order":0,"comment_status":"closed","ping_status":"closed","template":"","meta":{"footnotes":""},"class_list":["post-57","page","type-page","status-publish","has-post-thumbnail","hentry"],"_links":{"self":[{"href":"https:\/\/mv-steinmauern.de\/index.php?rest_route=\/wp\/v2\/pages\/57","targetHints":{"allow":["GET"]}}],"collection":[{"href":"https:\/\/mv-steinmauern.de\/index.php?rest_route=\/wp\/v2\/pages"}],"about":[{"href":"https:\/\/mv-steinmauern.de\/index.php?rest_route=\/wp\/v2\/types\/page"}],"author":[{"embeddable":true,"href":"https:\/\/mv-steinmauern.de\/index.php?rest_route=\/wp\/v2\/users\/1"}],"replies":[{"embeddable":true,"href":"https:\/\/mv-steinmauern.de\/index.php?rest_route=%2Fwp%2Fv2%2Fcomments&post=57"}],"version-history":[{"count":6,"href":"https:\/\/mv-steinmauern.de\/index.php?rest_route=\/wp\/v2\/pages\/57\/revisions"}],"predecessor-version":[{"id":851,"href":"https:\/\/mv-steinmauern.de\/index.php?rest_route=\/wp\/v2\/pages\/57\/revisions\/851"}],"wp:featuredmedia":[{"embeddable":true,"href":"https:\/\/mv-steinmauern.de\/index.php?rest_route=\/wp\/v2\/media\/515"}],"wp:attachment":[{"href":"https:\/\/mv-steinmauern.de\/index.php?rest_route=%2Fwp%2Fv2%2Fmedia&parent=57"}],"curies":[{"name":"wp","href":"https:\/\/api.w.org\/{rel}","templated":true}]}}