{"id":503,"date":"2022-07-29T10:31:35","date_gmt":"2022-07-29T09:31:35","guid":{"rendered":"https:\/\/mv-steinmauern.de\/?page_id=503"},"modified":"2025-07-30T11:19:37","modified_gmt":"2025-07-30T10:19:37","slug":"aktion-reife-musiker","status":"publish","type":"page","link":"https:\/\/mv-steinmauern.de\/?page_id=503","title":{"rendered":"Aktion \u201ereife Musiker\u201c"},"content":{"rendered":"\n<p>Der Musikverein Steinmauern geht neue Wege, um sich den \u201eMusikernachwuchs\u201c zu sichern: Wir wenden uns zum einen an diejenigen, die bereits ein Instrument erlernt haben, aber dann ihr Hobby aus Zeitmangel (Berufsausbildung\/Studium, Familiengr\u00fcndung, Hausbau etc.) an den Nagel h\u00e4ngen mussten. Sicherlich juckt es den ein oder anderen dieser ehemaligen Musiker doch in den Fingern, aber die Angst vor zu hohem Zeitaufwand h\u00e4lt sie davon ab, dem Musikverein beizutreten. Daher bietet der MV Steinmauern allen interessierten Blasmusikern und Schlagwerkern den \u201e(Wieder-) Einstieg light\u201c an: die Musiker k\u00f6nnen selbst bestimmen, inwieweit sie sich engagieren wollen, ob sie regelm\u00e4\u00dfig proben, oder nur zu bestimmten Anl\u00e4ssen wie Konzert oder Winterfeier mitwirken wollen. Jedes \u201eZeitmodell\u201c ist denkbar! Ein Einstieg ist praktisch zu jedem beliebigen Zeitpunkt m\u00f6glich. Zum anderen richten wir uns aber auch an Interessierte, die noch nie ein Blasinstrument oder Schlagwerk gespielt haben, dies aber gerne lernen m\u00f6chten.<\/p>\n\n\n\n<figure class=\"wp-block-gallery has-nested-images columns-default is-cropped wp-block-gallery-1 is-layout-flex wp-block-gallery-is-layout-flex\">\n<figure class=\"wp-block-image size-large\"><img loading=\"lazy\" decoding=\"async\" width=\"400\" height=\"567\" data-id=\"87\" src=\"https:\/\/mv-steinmauern.de\/wp-content\/uploads\/2019\/12\/Speicher.jpg\" alt=\"\" class=\"wp-image-87\" srcset=\"https:\/\/mv-steinmauern.de\/wp-content\/uploads\/2019\/12\/Speicher.jpg 400w, https:\/\/mv-steinmauern.de\/wp-content\/uploads\/2019\/12\/Speicher-212x300.jpg 212w\" sizes=\"auto, (max-width: 400px) 100vw, 400px\" \/><\/figure>\n<\/figure>\n\n\n\n<p>Der MV Steinmauern hat bereitspositive Erfahrung in der Erwachsenenausbildung gesammelt: mehrere Musiker des aktuellen Orchesters haben im Erwachsenenalter ihr Instrument erlernt. Derzeit befinden sich weitere Erwachsene in Ausbildung. Jeder, der geistig rege ist und etwas Ehrgeiz mitbringt, kann &#8211; unabh\u00e4ngig vom Alter &#8211; ein Instrument erlernen!<br><br>\u00dcbrigens: im Musikverein kommen nicht nur die \u201eg\u00e4ngigen\u201c Blasinstrumente zum Einsatz wie Querfl\u00f6te, Klarinette, Saxophon, Trompete, Waldhorn, Bariton, Posaune und Tuba. Die Literatur sieht auch \u201eExoten\u201c wie Oboe, Fagott und Bassklarinette vor, nur sind diese Instrumente in den meisten Musikvereinen nicht besetzt, da sie selten erlernt werden.  Warum bem\u00fcht sich der Musikverein Steinmauern gezielt um Erwachsene  Musiker?  Der demographische Wandel macht vor nichts und niemand Halt:  immer weniger Kinder, die zudem auch viele Nachmittage in den Schulen  verbringen. Da bleibt f\u00fcr Hobbys nicht mehr viel Zeit, was sich nicht  nur in Musik-, sondern auch in Sportvereinen bemerkbar macht. <\/p>\n\n\n\n<p>Was liegt also n\u00e4her, als sich um ehemaligen Musiker &#8211; auch nach einer l\u00e4ngeren Auszeit &#8211; wieder  zu bem\u00fchen? Und dabei ist von Seiten des Vereins, wie in der Berufswelt  auch, Flexibilit\u00e4t gefragt: die Einsteiger k\u00f6nnen sich soweit  einbringen, wie sie es bereit und in der Lage sind, zu tun. Und davon  profitiert jeder! Weitere Informationen zum Verein, zum Orchester, dem  Konzertprogramm und allem Weiteren erh\u00e4ltst Du beim ersten Vorstand per Mail  (<a rel=\"noreferrer noopener\" aria-label=\"vorstand@musikverein-steinmauern.de (\u00f6ffnet in neuem Tab)\" href=\"mailto:vorstand@musikverein-steinmauern.de\" target=\"_blank\">vorstand@musikverein-steinmauern.de<\/a>). Die Musiker des MV Steinmauern freuen  sich auf Dich!  <\/p>\n","protected":false},"excerpt":{"rendered":"<p>Der Musikverein Steinmauern geht neue Wege, um sich den \u201eMusikernachwuchs\u201c zu sichern: Wir wenden uns zum einen an diejenigen, die bereits ein Instrument erlernt haben, aber dann ihr Hobby aus Zeitmangel (Berufsausbildung\/Studium, Familiengr\u00fcndung, Hausbau etc.) an den Nagel h\u00e4ngen mussten. Sicherlich juckt es den ein oder anderen dieser ehemaligen Musiker doch in den Fingern, aber &hellip; <\/p>\n<p class=\"link-more\"><a href=\"https:\/\/mv-steinmauern.de\/?page_id=503\" class=\"more-link\"><span class=\"screen-reader-text\">\u201eAktion \u201ereife Musiker\u201c\u201c <\/span>weiterlesen<\/a><\/p>\n","protected":false},"author":1,"featured_media":515,"parent":0,"menu_order":0,"comment_status":"closed","ping_status":"closed","template":"","meta":{"footnotes":""},"class_list":["post-503","page","type-page","status-publish","has-post-thumbnail","hentry"],"_links":{"self":[{"href":"https:\/\/mv-steinmauern.de\/index.php?rest_route=\/wp\/v2\/pages\/503","targetHints":{"allow":["GET"]}}],"collection":[{"href":"https:\/\/mv-steinmauern.de\/index.php?rest_route=\/wp\/v2\/pages"}],"about":[{"href":"https:\/\/mv-steinmauern.de\/index.php?rest_route=\/wp\/v2\/types\/page"}],"author":[{"embeddable":true,"href":"https:\/\/mv-steinmauern.de\/index.php?rest_route=\/wp\/v2\/users\/1"}],"replies":[{"embeddable":true,"href":"https:\/\/mv-steinmauern.de\/index.php?rest_route=%2Fwp%2Fv2%2Fcomments&post=503"}],"version-history":[{"count":1,"href":"https:\/\/mv-steinmauern.de\/index.php?rest_route=\/wp\/v2\/pages\/503\/revisions"}],"predecessor-version":[{"id":504,"href":"https:\/\/mv-steinmauern.de\/index.php?rest_route=\/wp\/v2\/pages\/503\/revisions\/504"}],"wp:featuredmedia":[{"embeddable":true,"href":"https:\/\/mv-steinmauern.de\/index.php?rest_route=\/wp\/v2\/media\/515"}],"wp:attachment":[{"href":"https:\/\/mv-steinmauern.de\/index.php?rest_route=%2Fwp%2Fv2%2Fmedia&parent=503"}],"curies":[{"name":"wp","href":"https:\/\/api.w.org\/{rel}","templated":true}]}}