{"id":35,"date":"2019-12-30T09:07:11","date_gmt":"2019-12-30T09:07:11","guid":{"rendered":"http:\/\/mv-steinmauern.de\/?page_id=35"},"modified":"2020-01-02T16:49:50","modified_gmt":"2020-01-02T15:49:50","slug":"datenschutz","status":"publish","type":"page","link":"https:\/\/mv-steinmauern.de\/?page_id=35","title":{"rendered":"Datenschutz"},"content":{"rendered":"\n<p>Beim Musikverein Steinmauern wird der Datenschutz ernst genommen. Wir haben eine interne Richtline zum Thema Datenschutz, die sicher stellt, dass wir mit peronenbezogenen Daten absolut korrekt umgehen.<\/p>\n\n\n\n<p>Informieren Sie sich anhand der nachfolgend genannten Dokumente, die Sie \u00fcber die Navigation im Fu\u00dfbereich dieser Website aufrufen k\u00f6nnen:<\/p>\n\n\n\n<ul class=\"wp-block-list\"><li>Allgemeine Datenschutzerkl\u00e4rung<\/li><li> Datenschutz Grundverordnung und Bundesdatenschutzgesetz (neu) <\/li><li> Bestimmungen zur Mediennutzung  <\/li><li> Ihr Recht auf L\u00f6schung <\/li><\/ul>\n\n\n\n<p><\/p>\n","protected":false},"excerpt":{"rendered":"<p>Beim Musikverein Steinmauern wird der Datenschutz ernst genommen. Wir haben eine interne Richtline zum Thema Datenschutz, die sicher stellt, dass wir mit peronenbezogenen Daten absolut korrekt umgehen. Informieren Sie sich anhand der nachfolgend genannten Dokumente, die Sie \u00fcber die Navigation im Fu\u00dfbereich dieser Website aufrufen k\u00f6nnen: Allgemeine Datenschutzerkl\u00e4rung Datenschutz Grundverordnung und Bundesdatenschutzgesetz (neu) Bestimmungen zur &hellip; <\/p>\n<p class=\"link-more\"><a href=\"https:\/\/mv-steinmauern.de\/?page_id=35\" class=\"more-link\"><span class=\"screen-reader-text\">\u201eDatenschutz\u201c <\/span>weiterlesen<\/a><\/p>\n","protected":false},"author":1,"featured_media":0,"parent":0,"menu_order":0,"comment_status":"closed","ping_status":"closed","template":"","meta":{"footnotes":""},"class_list":["post-35","page","type-page","status-publish","hentry"],"_links":{"self":[{"href":"https:\/\/mv-steinmauern.de\/index.php?rest_route=\/wp\/v2\/pages\/35","targetHints":{"allow":["GET"]}}],"collection":[{"href":"https:\/\/mv-steinmauern.de\/index.php?rest_route=\/wp\/v2\/pages"}],"about":[{"href":"https:\/\/mv-steinmauern.de\/index.php?rest_route=\/wp\/v2\/types\/page"}],"author":[{"embeddable":true,"href":"https:\/\/mv-steinmauern.de\/index.php?rest_route=\/wp\/v2\/users\/1"}],"replies":[{"embeddable":true,"href":"https:\/\/mv-steinmauern.de\/index.php?rest_route=%2Fwp%2Fv2%2Fcomments&post=35"}],"version-history":[{"count":3,"href":"https:\/\/mv-steinmauern.de\/index.php?rest_route=\/wp\/v2\/pages\/35\/revisions"}],"predecessor-version":[{"id":204,"href":"https:\/\/mv-steinmauern.de\/index.php?rest_route=\/wp\/v2\/pages\/35\/revisions\/204"}],"wp:attachment":[{"href":"https:\/\/mv-steinmauern.de\/index.php?rest_route=%2Fwp%2Fv2%2Fmedia&parent=35"}],"curies":[{"name":"wp","href":"https:\/\/api.w.org\/{rel}","templated":true}]}}