{"id":279,"date":"2020-01-03T10:46:18","date_gmt":"2020-01-03T09:46:18","guid":{"rendered":"http:\/\/mv-steinmauern.de\/?page_id=279"},"modified":"2025-07-30T11:23:37","modified_gmt":"2025-07-30T10:23:37","slug":"instrumentenausbildung","status":"publish","type":"page","link":"https:\/\/mv-steinmauern.de\/?page_id=279","title":{"rendered":"Instrumentenausbildung"},"content":{"rendered":"\n<figure class=\"wp-block-image size-large\"><img loading=\"lazy\" decoding=\"async\" width=\"1024\" height=\"683\" src=\"https:\/\/mv-steinmauern.de\/wp-content\/uploads\/2020\/01\/IMG_0774-1024x683.jpg\" alt=\"\" class=\"wp-image-352\" srcset=\"https:\/\/mv-steinmauern.de\/wp-content\/uploads\/2020\/01\/IMG_0774-1024x683.jpg 1024w, https:\/\/mv-steinmauern.de\/wp-content\/uploads\/2020\/01\/IMG_0774-300x200.jpg 300w, https:\/\/mv-steinmauern.de\/wp-content\/uploads\/2020\/01\/IMG_0774-768x512.jpg 768w, https:\/\/mv-steinmauern.de\/wp-content\/uploads\/2020\/01\/IMG_0774-1536x1024.jpg 1536w, https:\/\/mv-steinmauern.de\/wp-content\/uploads\/2020\/01\/IMG_0774-2048x1365.jpg 2048w\" sizes=\"auto, (max-width: 767px) 89vw, (max-width: 1000px) 54vw, (max-width: 1071px) 543px, 580px\" \/><\/figure>\n\n\n\n<p>Jedes Jahr im September  werden  Kindern, Jugendlichen und deren Eltern  die Instrumente vorgestellt, die man im MV Steinmauern lernen kann.  Das sind: Querfl\u00f6te, Klarinette, Saxophon, Trompete\/Fl\u00fcgelhorn, Horn, Posaune, Tenorhorn\/Bariton, Tuba und Schlagzeug.<\/p>\n\n\n\n<p>Abh\u00e4ngig vom jeweiligen Ausbilder findet der w\u00f6chentliche Instrumentalunterricht allein oder zu zweit statt, entweder 30 oder 45 Minuten pro Unterrichtseinheit.  In den Ferien und an Feiertagen findet kein Unterricht statt. Die Ausbildung wird durch professionelle Musiker bzw. Musiklehrer durchgef\u00fchrt oder von \u00e4u\u00dferst erfahrenen vereinseigenen Ausbildern.<\/p>\n\n\n\n<div class=\"wp-block-group\"><div class=\"wp-block-group__inner-container is-layout-flow wp-block-group-is-layout-flow\">\n<p class=\"has-very-dark-gray-color has-very-light-gray-background-color has-text-color has-background\">Bei 30-min\u00fctigem Unterricht betr\u00e4gt die Ausbildungsgeb\u00fchr monatlich 37,50 \u20ac . Bei 45-min\u00fctigem Unterricht sind es 55,00 \u20ac monatlich. <\/p>\n<\/div><\/div>\n\n\n\n<p>Es ist nicht erforderlich, dass f\u00fcr den Unterricht ein eigenes Instrument erworben werden muss. Der Musikverein vermietet Sch\u00fclerinstrumente bzw. bietet den Mietkauf f\u00fcr geeignete Instrumente an. <\/p>\n\n\n\n<p class=\"has-very-dark-gray-color has-very-light-gray-background-color has-text-color has-background\">Die Kosten hierf\u00fcr sind vom Kaufpreis des jeweiligen Instruments abh\u00e4ngig und liegen ab 8 \u20ac monatlich f\u00fcr Mietinstrumente und ab 15 \u20ac  monatlich beim Mietkauf. <\/p>\n\n\n\n<p>Interesse? Dann seht ihr <a href=\"https:\/\/mv-steinmauern.de\/?page_id=228\">hier<\/a>, wie ihr Mitglied werden k\u00f6nnt. <\/p>\n\n\n\n<p>Der Instrumentalunterricht legt die Grundlagen, um sp\u00e4ter im <a href=\"http:\/\/mv-steinmauern.de\/?page_id=21\">Orchester <\/a>des Musikvereins spielen zu k\u00f6nnen.<\/p>\n\n\n\n<p>Regelm\u00e4\u00dfig legen Jugendliche aus unserem Verein die Pr\u00fcfung zur Erreichung des <strong>Jungmusiker Leistungsabzeichens <\/strong><a rel=\"noreferrer noopener\" href=\"http:\/\/www.blasmusikverbaende.de\/downloads\/\" target=\"_blank\">JMLA<\/a> des Blasmusikverbands ab. Die erfolgreich abgelegte Pr\u00fcfung zum JMLA in Bronze ist die &#8222;Eintrittskarte&#8220; ins <a href=\"http:\/\/mv-steinmauern.de\/?page_id=21\">Blasorchester<\/a> des Vereins.<\/p>\n","protected":false},"excerpt":{"rendered":"<p>Jedes Jahr im September werden Kindern, Jugendlichen und deren Eltern die Instrumente vorgestellt, die man im MV Steinmauern lernen kann. Das sind: Querfl\u00f6te, Klarinette, Saxophon, Trompete\/Fl\u00fcgelhorn, Horn, Posaune, Tenorhorn\/Bariton, Tuba und Schlagzeug. Abh\u00e4ngig vom jeweiligen Ausbilder findet der w\u00f6chentliche Instrumentalunterricht allein oder zu zweit statt, entweder 30 oder 45 Minuten pro Unterrichtseinheit. In den Ferien &hellip; <\/p>\n<p class=\"link-more\"><a href=\"https:\/\/mv-steinmauern.de\/?page_id=279\" class=\"more-link\"><span class=\"screen-reader-text\">\u201eInstrumentenausbildung\u201c <\/span>weiterlesen<\/a><\/p>\n","protected":false},"author":1,"featured_media":515,"parent":0,"menu_order":0,"comment_status":"closed","ping_status":"closed","template":"","meta":{"footnotes":""},"class_list":["post-279","page","type-page","status-publish","has-post-thumbnail","hentry"],"_links":{"self":[{"href":"https:\/\/mv-steinmauern.de\/index.php?rest_route=\/wp\/v2\/pages\/279","targetHints":{"allow":["GET"]}}],"collection":[{"href":"https:\/\/mv-steinmauern.de\/index.php?rest_route=\/wp\/v2\/pages"}],"about":[{"href":"https:\/\/mv-steinmauern.de\/index.php?rest_route=\/wp\/v2\/types\/page"}],"author":[{"embeddable":true,"href":"https:\/\/mv-steinmauern.de\/index.php?rest_route=\/wp\/v2\/users\/1"}],"replies":[{"embeddable":true,"href":"https:\/\/mv-steinmauern.de\/index.php?rest_route=%2Fwp%2Fv2%2Fcomments&post=279"}],"version-history":[{"count":10,"href":"https:\/\/mv-steinmauern.de\/index.php?rest_route=\/wp\/v2\/pages\/279\/revisions"}],"predecessor-version":[{"id":551,"href":"https:\/\/mv-steinmauern.de\/index.php?rest_route=\/wp\/v2\/pages\/279\/revisions\/551"}],"wp:featuredmedia":[{"embeddable":true,"href":"https:\/\/mv-steinmauern.de\/index.php?rest_route=\/wp\/v2\/media\/515"}],"wp:attachment":[{"href":"https:\/\/mv-steinmauern.de\/index.php?rest_route=%2Fwp%2Fv2%2Fmedia&parent=279"}],"curies":[{"name":"wp","href":"https:\/\/api.w.org\/{rel}","templated":true}]}}