{"id":228,"date":"2020-01-02T17:56:58","date_gmt":"2020-01-02T16:56:58","guid":{"rendered":"http:\/\/mv-steinmauern.de\/?page_id=228"},"modified":"2025-07-30T11:24:15","modified_gmt":"2025-07-30T10:24:15","slug":"jugend-mitglied-werden","status":"publish","type":"page","link":"https:\/\/mv-steinmauern.de\/?page_id=228","title":{"rendered":"Jugend Mitglied werden"},"content":{"rendered":"\n<p>Unser Musikverein ist stets daran interessiert, den eigenen Nachwuchs f\u00fcr die Kapelle heranzuziehen. Wir suchen Jungen und M\u00e4dchen ab etwa 8 Jahren, die Lust haben ein Blasinstrument zu erlernen. <\/p>\n\n\n\n<p>Egal, ob ihr euch f\u00fcr ein Blechblasinstrument (wie Trompete, Horn, Posaune) oder ein Holzblasinstrument (Klarinette, Fl\u00f6te, \u2026 ) oder f\u00fcr Schlagzeug interessiert, ihr seid bei uns richtig. <\/p>\n\n\n\n<p>Der MV Steinmauern bietet schon seit einigen Jahren die M\u00f6glichkeit, bei professionellen Instrumentallehrern Musikunterricht zu nehmen. F\u00fcr die Ausbildung bietet der Musikverein Instumente zur Miete bzw. zum Mietkauf an, so dass der Sch\u00fcler zun\u00e4chst einmal kein Instrument kaufen muss.<\/p>\n\n\n\n<p>Wer Interesse oder Fragen dazu hat, melde sich bitte beim <a href=\"mailto:ausbildung@musikverein-steinmauern.de\">Ausbildungsleiter<\/a> oder beim <a href=\"http:\/\/mv-steinmauern.de\/?page_id=61\">Vereinsvorstand<\/a>. Wir freuen uns \u00fcber jeden neuen Mitstreiter! <br><br>Hier schon einmal alle <strong>Dokumente f\u00fcr die Anmeldung<\/strong> zur Ausbildung:<\/p>\n\n\n\n<figure class=\"wp-block-table\"><table class=\"has-fixed-layout\"><tbody><tr><td><a href=\"https:\/\/mv-steinmauern.de\/wp-content\/uploads\/2024\/06\/Ausbildungsordnung-2023-09-01.pdf\">Ausbildungsordnung<\/a><\/td><\/tr><tr><td><a href=\"https:\/\/mv-steinmauern.de\/wp-content\/uploads\/2024\/06\/Ausbildung-Gebuehrenordnung-2023-09-01.pdf\" data-type=\"attachment\" data-id=\"769\">Ausbildung Geb\u00fchrenordnung<\/a> <\/td><\/tr><tr><td><a href=\"https:\/\/mv-steinmauern.de\/wp-content\/uploads\/2024\/06\/Formular-Anmeldung-zur-Ausbildung-2023-06-22.pdf\">Formular Anmeldung zur Ausbildung<\/a><\/td><\/tr><tr><td><a href=\"https:\/\/mv-steinmauern.de\/wp-content\/uploads\/2024\/06\/Formular-Beitrittserklaerung-2023-06-22.pdf\">Beitrittserkl\u00e4rung<\/a><\/td><\/tr><tr><td><a href=\"https:\/\/mv-steinmauern.de\/wp-content\/uploads\/2024\/06\/Informationen-ueber-die-Erhebung-von-personenbezogenen-Daten1.pdf\">Informationen \u00fcber die Erhebung von personenbezogenen Daten<\/a><\/td><\/tr><\/tbody><\/table><\/figure>\n","protected":false},"excerpt":{"rendered":"<p>Unser Musikverein ist stets daran interessiert, den eigenen Nachwuchs f\u00fcr die Kapelle heranzuziehen. Wir suchen Jungen und M\u00e4dchen ab etwa 8 Jahren, die Lust haben ein Blasinstrument zu erlernen. Egal, ob ihr euch f\u00fcr ein Blechblasinstrument (wie Trompete, Horn, Posaune) oder ein Holzblasinstrument (Klarinette, Fl\u00f6te, \u2026 ) oder f\u00fcr Schlagzeug interessiert, ihr seid bei uns &hellip; <\/p>\n<p class=\"link-more\"><a href=\"https:\/\/mv-steinmauern.de\/?page_id=228\" class=\"more-link\"><span class=\"screen-reader-text\">\u201eJugend Mitglied werden\u201c <\/span>weiterlesen<\/a><\/p>\n","protected":false},"author":1,"featured_media":515,"parent":0,"menu_order":0,"comment_status":"closed","ping_status":"closed","template":"","meta":{"footnotes":""},"class_list":["post-228","page","type-page","status-publish","has-post-thumbnail","hentry"],"_links":{"self":[{"href":"https:\/\/mv-steinmauern.de\/index.php?rest_route=\/wp\/v2\/pages\/228","targetHints":{"allow":["GET"]}}],"collection":[{"href":"https:\/\/mv-steinmauern.de\/index.php?rest_route=\/wp\/v2\/pages"}],"about":[{"href":"https:\/\/mv-steinmauern.de\/index.php?rest_route=\/wp\/v2\/types\/page"}],"author":[{"embeddable":true,"href":"https:\/\/mv-steinmauern.de\/index.php?rest_route=\/wp\/v2\/users\/1"}],"replies":[{"embeddable":true,"href":"https:\/\/mv-steinmauern.de\/index.php?rest_route=%2Fwp%2Fv2%2Fcomments&post=228"}],"version-history":[{"count":14,"href":"https:\/\/mv-steinmauern.de\/index.php?rest_route=\/wp\/v2\/pages\/228\/revisions"}],"predecessor-version":[{"id":781,"href":"https:\/\/mv-steinmauern.de\/index.php?rest_route=\/wp\/v2\/pages\/228\/revisions\/781"}],"wp:featuredmedia":[{"embeddable":true,"href":"https:\/\/mv-steinmauern.de\/index.php?rest_route=\/wp\/v2\/media\/515"}],"wp:attachment":[{"href":"https:\/\/mv-steinmauern.de\/index.php?rest_route=%2Fwp%2Fv2%2Fmedia&parent=228"}],"curies":[{"name":"wp","href":"https:\/\/api.w.org\/{rel}","templated":true}]}}