{"id":224,"date":"2020-01-02T17:39:40","date_gmt":"2020-01-02T16:39:40","guid":{"rendered":"http:\/\/mv-steinmauern.de\/?page_id=224"},"modified":"2025-07-30T11:25:26","modified_gmt":"2025-07-30T10:25:26","slug":"mitglied-werden","status":"publish","type":"page","link":"https:\/\/mv-steinmauern.de\/?page_id=224","title":{"rendered":"Mitglied werden"},"content":{"rendered":"\n<p><strong>Jugend<br><\/strong>Hast DU Interesse, ein Blasinstrument zu lernen? Oder kannst du vielleicht sogar schon eins spielen, dann solltest du <a href=\"http:\/\/mv-steinmauern.de\/?page_id=228\">hier weiter lesen \u2026 <\/a><\/p>\n\n\n\n<p><strong>Orchester<\/strong><br>Auch der MV Steinmauern hat darunter zu leiden, dass Musiker aus beruflichen Gr\u00fcnden von hier wegziehen oder aus anderen Gr\u00fcnden nicht mehr im Orchester spielen k\u00f6nnen. So suchen wir immer nach Blasmusikern, die uns verst\u00e4rken k\u00f6nnen. Vielleicht w\u00e4rst DU ja genau der\/die Richtige \u2026  <\/p>\n\n\n\n<p>In einigen Registern t\u00e4te uns die Verst\u00e4rkung durch aktive und motivierte Mitspieler gut.  Jeder, der sich angesprochen f\u00fchlt und gerne gemeinsam mit Gleichgesinnten Musik machen m\u00f6chte, ist eingeladen mal bei uns reinzuschnuppern und eine Probe mitzuerleben. Scheue dich sich nicht, uns anzusprechen, selbst wenn Ihre F\u00e4higkeiten mit dem Instrument ein wenig &#8222;eingerostet&#8220; sein sollten.  <\/p>\n\n\n\n<p>Unser Probetermin ist w\u00f6chentlich donnerstags, von 20:00 Uhr bis 22:00 Uhr im Nebenraum der Turnhalle. Schau doch einfach mal zu einer Probe herein oder melde dich sich beim <a href=\"mailto:vorstand@musikverein-steinmauern.de\" target=\"_blank\" rel=\"noreferrer noopener\" aria-label=\"Vereins- (\u00f6ffnet in neuem Tab)\">Vereins-<\/a> oder <a href=\"mailto:musiker@musikverein-steinmauern.de\">Musikervorstand<\/a>. Wir w\u00fcrden uns sehr freuen. <\/p>\n\n\n\n<p><a href=\"http:\/\/mv-steinmauern.de\/?p=220\">Lies auch mal \u00fcber unsere Aktion &#8222;reife Musiker&#8220; <\/a><\/p>\n\n\n\n<p><strong>Passive, f\u00f6rdernde Mitglieder<br><\/strong>Ein Musikverein hat hohe Kosten zu tragen: vor allem f\u00fcr Ausbildung, Instrumente und Noten. Werden Sie f\u00f6rderndes Mitglied und unterst\u00fctzen Sie uns so, unserem kulturellen Auftrag auch in der Zukunft gerecht werden zu k\u00f6nnen. Hand auf\u2018s Herz: K\u00f6nnten Sie sich unsere Gemeinde ohne den Musikverein vorstellen? <\/p>\n\n\n\n<p>Hier das Beitrittsformular und die Informationen zum Datenschutz:<\/p>\n\n\n\n<div class=\"wp-block-group has-very-light-gray-background-color has-background\"><div class=\"wp-block-group__inner-container is-layout-flow wp-block-group-is-layout-flow\">\n<p class=\"has-text-align-center has-very-dark-gray-color has-very-light-gray-background-color has-text-color has-background has-medium-font-size\">Beitrittserkl\u00e4rung:<\/p>\n\n\n\n<div class=\"wp-block-file aligncenter\"><a id=\"wp-block-file--media-4a7c7e1f-a8bc-4f45-a7b7-e96c449aa6d5\" href=\"https:\/\/mv-steinmauern.de\/wp-content\/uploads\/2024\/02\/Formular-Beitrittserklaerung-2023-06-22.pdf\">downloaden >> <\/a><a href=\"https:\/\/mv-steinmauern.de\/wp-content\/uploads\/2024\/02\/Formular-Beitrittserklaerung-2023-06-22.pdf\" class=\"wp-block-file__button wp-element-button\" download aria-describedby=\"wp-block-file--media-4a7c7e1f-a8bc-4f45-a7b7-e96c449aa6d5\">Herunterladen<\/a><\/div>\n\n\n\n<p class=\"has-text-align-center has-very-dark-gray-color has-very-light-gray-background-color has-text-color has-background has-medium-font-size\">Verarbeitung personenbezogener Daten:<\/p>\n\n\n\n<div class=\"wp-block-file aligncenter\"><a id=\"wp-block-file--media-b80074b3-f899-4834-90e8-dd2904373f81\">downloaden >><\/a><a href=\"http:\/\/mv-steinmauern.de\/wp-content\/uploads\/2020\/01\/Informationen-\u00fcber-die-Erhebung-von-personenbezogenen-Daten.pdf\" class=\"wp-block-file__button wp-element-button\" download aria-describedby=\"wp-block-file--media-b80074b3-f899-4834-90e8-dd2904373f81\">Herunterladen<\/a><\/div>\n<\/div><\/div>\n","protected":false},"excerpt":{"rendered":"<p>JugendHast DU Interesse, ein Blasinstrument zu lernen? Oder kannst du vielleicht sogar schon eins spielen, dann solltest du hier weiter lesen \u2026 OrchesterAuch der MV Steinmauern hat darunter zu leiden, dass Musiker aus beruflichen Gr\u00fcnden von hier wegziehen oder aus anderen Gr\u00fcnden nicht mehr im Orchester spielen k\u00f6nnen. So suchen wir immer nach Blasmusikern, die &hellip; <\/p>\n<p class=\"link-more\"><a href=\"https:\/\/mv-steinmauern.de\/?page_id=224\" class=\"more-link\"><span class=\"screen-reader-text\">\u201eMitglied werden\u201c <\/span>weiterlesen<\/a><\/p>\n","protected":false},"author":1,"featured_media":515,"parent":0,"menu_order":0,"comment_status":"closed","ping_status":"closed","template":"","meta":{"footnotes":""},"class_list":["post-224","page","type-page","status-publish","has-post-thumbnail","hentry"],"_links":{"self":[{"href":"https:\/\/mv-steinmauern.de\/index.php?rest_route=\/wp\/v2\/pages\/224","targetHints":{"allow":["GET"]}}],"collection":[{"href":"https:\/\/mv-steinmauern.de\/index.php?rest_route=\/wp\/v2\/pages"}],"about":[{"href":"https:\/\/mv-steinmauern.de\/index.php?rest_route=\/wp\/v2\/types\/page"}],"author":[{"embeddable":true,"href":"https:\/\/mv-steinmauern.de\/index.php?rest_route=\/wp\/v2\/users\/1"}],"replies":[{"embeddable":true,"href":"https:\/\/mv-steinmauern.de\/index.php?rest_route=%2Fwp%2Fv2%2Fcomments&post=224"}],"version-history":[{"count":11,"href":"https:\/\/mv-steinmauern.de\/index.php?rest_route=\/wp\/v2\/pages\/224\/revisions"}],"predecessor-version":[{"id":283,"href":"https:\/\/mv-steinmauern.de\/index.php?rest_route=\/wp\/v2\/pages\/224\/revisions\/283"}],"wp:featuredmedia":[{"embeddable":true,"href":"https:\/\/mv-steinmauern.de\/index.php?rest_route=\/wp\/v2\/media\/515"}],"wp:attachment":[{"href":"https:\/\/mv-steinmauern.de\/index.php?rest_route=%2Fwp%2Fv2%2Fmedia&parent=224"}],"curies":[{"name":"wp","href":"https:\/\/api.w.org\/{rel}","templated":true}]}}