{"id":22,"date":"2019-12-30T09:01:22","date_gmt":"2019-12-30T09:01:22","guid":{"rendered":"http:\/\/mv-steinmauern.de\/?page_id=22"},"modified":"2025-07-30T11:23:58","modified_gmt":"2025-07-30T10:23:58","slug":"jugend","status":"publish","type":"page","link":"https:\/\/mv-steinmauern.de\/?page_id=22","title":{"rendered":"Jugend"},"content":{"rendered":"\n<div class=\"wp-block-columns is-layout-flex wp-container-core-columns-is-layout-9d6595d7 wp-block-columns-is-layout-flex\">\n<div class=\"wp-block-column is-layout-flow wp-block-column-is-layout-flow\" style=\"flex-basis:33.33%\">\n<figure class=\"wp-block-image size-large is-resized\"><img loading=\"lazy\" decoding=\"async\" width=\"689\" height=\"1024\" src=\"http:\/\/mv-steinmauern.de\/wp-content\/uploads\/2020\/01\/Jugendlogo-689x1024.jpg\" alt=\"\" class=\"wp-image-167\" style=\"aspect-ratio:0.6754098360655738;width:242px;height:auto\" srcset=\"https:\/\/mv-steinmauern.de\/wp-content\/uploads\/2020\/01\/Jugendlogo-689x1024.jpg 689w, https:\/\/mv-steinmauern.de\/wp-content\/uploads\/2020\/01\/Jugendlogo-202x300.jpg 202w, https:\/\/mv-steinmauern.de\/wp-content\/uploads\/2020\/01\/Jugendlogo-768x1141.jpg 768w, https:\/\/mv-steinmauern.de\/wp-content\/uploads\/2020\/01\/Jugendlogo.jpg 828w\" sizes=\"auto, (max-width: 689px) 100vw, 689px\" \/><\/figure>\n<\/div>\n\n\n\n<div class=\"wp-block-column is-layout-flow wp-block-column-is-layout-flow\" style=\"flex-basis:66.66%\">\n<p>Jugendarbeit &#8211; und vor allem fundierte Ausbildung am Instrument &#8211; wird im MV Steinmauern ganz GROSS geschrieben. Denn was ist ein Verein ohne Nachwuchs? Somit ist die Ausbildung junger Menschen ein zentraler Punkt unserer Vereinsarbeit. <br><\/p>\n\n\n\n<p>Durch unsere Zusammenarbeit mit einer Musikp\u00e4dagogin  k\u00f6nnen bereits die Kleinsten mit der <strong><a href=\"http:\/\/mv-steinmauern.de\/?page_id=275\">musikalischen Fr\u00fcherziehung<\/a><\/strong> im Musikverein Steinmauern beginnen.<\/p>\n<\/div>\n<\/div>\n\n\n\n<p>F\u00fcr Kinder in den ersten Grundschulklassen bieten wir derzeit zwei  <strong><a href=\"http:\/\/mv-steinmauern.de\/?page_id=277\">Blockfl\u00f6tenklassen <\/a><\/strong>an. Hier beginnt erstmals die Ausbildung am  Musikinstrument. <\/p>\n\n\n\n<p>Jedes Jahr werden Kindern, Jugendlichen und deren Eltern die Instrumente vorgestellt, die man im MV Steinmauern lernen kann. Der <strong><a href=\"https:\/\/mv-steinmauern.de\/?page_id=279\" data-type=\"page\" data-id=\"279\">Instrumentalunterricht<\/a> <\/strong>ist einer der Wege, zu unserem musikalischen Nachwuchs zu kommen.<\/p>\n\n\n\n<p>Regelm\u00e4\u00dfig legen Jugendliche aus unserem Verein die Pr\u00fcfung zur Erreichung des Jungmusiker <strong>Leistungsabzeichens <\/strong><a href=\"http:\/\/www.blasmusikverbaende.de\/downloads\/\" target=\"_blank\" rel=\"noreferrer noopener\" aria-label=\" (\u00f6ffnet in neuem Tab)\">JMLA<\/a> des Blasmusikverbands ab.<\/p>\n\n\n\n<p>Aber Musik ist f\u00fcr uns nicht Alles! Zahlreiche <strong>Freizeit<\/strong>-Aktivit\u00e4ten (wie Ausfl\u00fcge, Zeltlager, \u2026) werden regelm\u00e4\u00dfig von der Jugendverwaltung organisiert. <\/p>\n\n\n\n<p><a href=\"http:\/\/mv-steinmauern.de\/?page_id=228\">Willst du ein Instrument lernen und Mitglied im Musikverein werden?<\/a><\/p>\n","protected":false},"excerpt":{"rendered":"<p>Jugendarbeit &#8211; und vor allem fundierte Ausbildung am Instrument &#8211; wird im MV Steinmauern ganz GROSS geschrieben. Denn was ist ein Verein ohne Nachwuchs? Somit ist die Ausbildung junger Menschen ein zentraler Punkt unserer Vereinsarbeit. Durch unsere Zusammenarbeit mit einer Musikp\u00e4dagogin k\u00f6nnen bereits die Kleinsten mit der musikalischen Fr\u00fcherziehung im Musikverein Steinmauern beginnen. F\u00fcr Kinder &hellip; <\/p>\n<p class=\"link-more\"><a href=\"https:\/\/mv-steinmauern.de\/?page_id=22\" class=\"more-link\"><span class=\"screen-reader-text\">\u201eJugend\u201c <\/span>weiterlesen<\/a><\/p>\n","protected":false},"author":1,"featured_media":515,"parent":0,"menu_order":0,"comment_status":"closed","ping_status":"closed","template":"","meta":{"footnotes":""},"class_list":["post-22","page","type-page","status-publish","has-post-thumbnail","hentry"],"_links":{"self":[{"href":"https:\/\/mv-steinmauern.de\/index.php?rest_route=\/wp\/v2\/pages\/22","targetHints":{"allow":["GET"]}}],"collection":[{"href":"https:\/\/mv-steinmauern.de\/index.php?rest_route=\/wp\/v2\/pages"}],"about":[{"href":"https:\/\/mv-steinmauern.de\/index.php?rest_route=\/wp\/v2\/types\/page"}],"author":[{"embeddable":true,"href":"https:\/\/mv-steinmauern.de\/index.php?rest_route=\/wp\/v2\/users\/1"}],"replies":[{"embeddable":true,"href":"https:\/\/mv-steinmauern.de\/index.php?rest_route=%2Fwp%2Fv2%2Fcomments&post=22"}],"version-history":[{"count":16,"href":"https:\/\/mv-steinmauern.de\/index.php?rest_route=\/wp\/v2\/pages\/22\/revisions"}],"predecessor-version":[{"id":761,"href":"https:\/\/mv-steinmauern.de\/index.php?rest_route=\/wp\/v2\/pages\/22\/revisions\/761"}],"wp:featuredmedia":[{"embeddable":true,"href":"https:\/\/mv-steinmauern.de\/index.php?rest_route=\/wp\/v2\/media\/515"}],"wp:attachment":[{"href":"https:\/\/mv-steinmauern.de\/index.php?rest_route=%2Fwp%2Fv2%2Fmedia&parent=22"}],"curies":[{"name":"wp","href":"https:\/\/api.w.org\/{rel}","templated":true}]}}