{"id":21,"date":"2019-12-30T09:01:22","date_gmt":"2019-12-30T09:01:22","guid":{"rendered":"http:\/\/mv-steinmauern.de\/?page_id=21"},"modified":"2025-07-30T14:18:21","modified_gmt":"2025-07-30T13:18:21","slug":"kapelle","status":"publish","type":"page","link":"https:\/\/mv-steinmauern.de\/?page_id=21","title":{"rendered":"Das Haupt-Orchester"},"content":{"rendered":"\n<p>Der Musikverein Steinmauern spielt zur Zeit mit einer ca. 40-k\u00f6pfigen <a href=\"https:\/\/mv-steinmauern.de\/?page_id=634\" data-type=\"page\" data-id=\"634\">Besetzung<\/a>. Davon ist fast die H\u00e4lfte weiblich. Das Repertoire erstreckt sich von der traditionellen \u00fcber konzertante Blasmusik bis hin zu modernen Musikrichtungen.<\/p>\n\n\n<div  id=\"jtg-987\" class=\"modula modula-gallery modula-creative-gallery\" data-config=\"{&quot;height&quot;:800,&quot;tabletHeight&quot;:800,&quot;mobileHeight&quot;:800,&quot;desktopHeight&quot;:800,&quot;enableTwitter&quot;:false,&quot;enableWhatsapp&quot;:false,&quot;enableFacebook&quot;:false,&quot;enablePinterest&quot;:false,&quot;enableLinkedin&quot;:false,&quot;enableEmail&quot;:false,&quot;randomFactor&quot;:0.5,&quot;type&quot;:&quot;creative-gallery&quot;,&quot;columns&quot;:12,&quot;gutter&quot;:10,&quot;mobileGutter&quot;:10,&quot;tabletGutter&quot;:10,&quot;desktopGutter&quot;:10,&quot;enableResponsive&quot;:&quot;0&quot;,&quot;tabletColumns&quot;:2,&quot;mobileColumns&quot;:1,&quot;lazyLoad&quot;:0,&quot;lightboxOpts&quot;:{&quot;animated&quot;:true,&quot;Thumbs&quot;:{&quot;type&quot;:&quot;modern&quot;,&quot;showOnStart&quot;:false},&quot;Toolbar&quot;:{&quot;display&quot;:{&quot;right&quot;:[&quot;close&quot;]},&quot;enabled&quot;:true},&quot;Carousel&quot;:{&quot;Panzoom&quot;:{&quot;touch&quot;:true},&quot;infinite&quot;:false},&quot;keyboard&quot;:{&quot;Escape&quot;:&quot;close&quot;,&quot;Delete&quot;:&quot;close&quot;,&quot;Backspace&quot;:&quot;close&quot;,&quot;PageUp&quot;:false,&quot;PageDown&quot;:false,&quot;ArrowUp&quot;:false,&quot;ArrowDown&quot;:false,&quot;ArrowRight&quot;:false,&quot;ArrowLeft&quot;:false},&quot;touch&quot;:false,&quot;backdropClick&quot;:false,&quot;l10n&quot;:{&quot;CLOSE&quot;:&quot;Schlie\\u00dfen&quot;,&quot;NEXT&quot;:&quot;Weiter&quot;,&quot;PREV&quot;:&quot;Zur\\u00fcck&quot;,&quot;Error&quot;:&quot;Der angeforderte Inhalt kann nicht geladen werden. Bitte versuche es sp\\u00e4ter noch einmal.&quot;,&quot;PLAY_START&quot;:&quot;Slideshow starten&quot;,&quot;PLAY_STOP&quot;:&quot;Slideshow anhalten&quot;,&quot;FULL_SCREEN&quot;:&quot;Vollbild&quot;,&quot;THUMBS&quot;:&quot;Vorschaubilder&quot;,&quot;DOWNLOAD&quot;:&quot;Download&quot;,&quot;SHARE&quot;:&quot;Teilen&quot;,&quot;ZOOM&quot;:&quot;Vergr\\u00f6\\u00dfern&quot;,&quot;EMAIL&quot;:&quot;Hier ist der Link zum Bild: %%image_link%% und hier ist der Link zur Galerie: %%gallery_link%%&quot;,&quot;MODAL&quot;:&quot;Du kannst diesen Modal-Inhalt mit der ESC-Taste schlie\\u00dfen&quot;,&quot;ERROR&quot;:&quot;Es ist ein Fehler aufgetreten. Bitte versuche es sp\\u00e4ter noch einmal&quot;,&quot;IMAGE_ERROR&quot;:&quot;Bild nicht gefunden&quot;,&quot;ELEMENT_NOT_FOUND&quot;:&quot;HTML-Element nicht gefunden&quot;,&quot;AJAX_NOT_FOUND&quot;:&quot;Fehler beim Laden von AJAX: Nicht gefunden&quot;,&quot;AJAX_FORBIDDEN&quot;:&quot;Fehler beim Laden von AJAX: Zugriff verweigert&quot;,&quot;IFRAME_ERROR&quot;:&quot;Fehler beim Laden der Seite&quot;,&quot;TOGGLE_ZOOM&quot;:&quot;Zoomstufe umschalten&quot;,&quot;TOGGLE_THUMBS&quot;:&quot;Miniaturansichten ein-\\\/ausblenden&quot;,&quot;TOGGLE_SLIDESHOW&quot;:&quot;Diashow ein-\\\/ausschalten&quot;,&quot;TOGGLE_FULLSCREEN&quot;:&quot;Vollbildmodus umschalten&quot;},&quot;Images&quot;:{&quot;Panzoom&quot;:{&quot;maxScale&quot;:2}},&quot;mainClass&quot;:&quot;modula-fancybox-container modula-lightbox-jtg-987&quot;,&quot;Html&quot;:{&quot;videoAutoplay&quot;:0,&quot;videoTpl&quot;:&quot;&lt;video class=\\&quot;fancybox__html5video\\&quot; controls muted playsinline controlsList controlsList=\\&quot;nodownload\\&quot; poster=\\&quot;{{poster}}\\&quot; src=\\&quot;{{src}}\\&quot; type=\\&quot;{{format}}\\&quot; &gt;  Sorry, your browser doesn&#039;t support embedded videos, &lt;a href=\\&quot;{{src}}\\&quot;&gt; download &lt;\\\/a&gt; and watch with your favorite video player! &lt;\\\/video&gt;&quot;}},&quot;inView&quot;:false,&quot;email_subject&quot;:&quot;Check out this awesome image !!&quot;,&quot;email_message&quot;:&quot;Here is the link to the image : %%image_link%% and this is the link to the gallery : %%gallery_link%%&quot;,&quot;lightbox&quot;:&quot;fancybox&quot;}\">\n\n\t\n\t<div  class=\"modula-items\">\n\t\t<div class=\"modula-item effect-pufrobo\" >\n\t<div class=\"modula-item-overlay\"><\/div>\n\n\t<div class=\"modula-item-content\">\n\n\t\t<a data-image-id=\"966\" role=\"button\" tabindex=\"0\" rel=\"jtg-987\" data-caption=\"2025\" aria-label=\"Bilder in Lightbox \u00f6ffnen\" class=\"tile-inner modula-item-link\"><\/a><img loading=\"lazy\" decoding=\"async\" class=\"pic wp-image-966\"  data-valign=\"middle\" data-halign=\"center\" alt=\"\" data-full=\"https:\/\/mv-steinmauern.de\/wp-content\/uploads\/2025\/07\/cropped-Orchester_2025-2-scaled-1.jpg\" title=\"Orchester_2025-2\" crop=\"\" width=\"2000\" height=\"1126\" src=\"https:\/\/mv-steinmauern.de\/wp-content\/uploads\/2025\/07\/cropped-Orchester_2025-2-scaled-1.jpg\" data-src=\"https:\/\/mv-steinmauern.de\/wp-content\/uploads\/2025\/07\/cropped-Orchester_2025-2-scaled-1.jpg\" data-caption=\"2025\" srcset=\"https:\/\/mv-steinmauern.de\/wp-content\/uploads\/2025\/07\/cropped-Orchester_2025-2-scaled-1.jpg 2000w, https:\/\/mv-steinmauern.de\/wp-content\/uploads\/2025\/07\/cropped-Orchester_2025-2-scaled-1-300x169.jpg 300w, https:\/\/mv-steinmauern.de\/wp-content\/uploads\/2025\/07\/cropped-Orchester_2025-2-scaled-1-768x432.jpg 768w, https:\/\/mv-steinmauern.de\/wp-content\/uploads\/2025\/07\/cropped-Orchester_2025-2-scaled-1-1536x865.jpg 1536w\" sizes=\"auto, (max-width: 767px) 89vw, (max-width: 1000px) 54vw, (max-width: 1071px) 543px, 580px\" \/>\n\t\t<div class=\"figc\">\n\t\t\t<div class=\"figc-inner\">\n\t\t\t\t\t\t\t\t\t\t\t\t\t<div class=\"jtg-description\">2025<\/div>\n\t\t\t\t\t\t\t\t\t\t\t<\/div>\n\t\t<\/div>\n\n\t<\/div>\n\n<\/div><div class=\"modula-item effect-pufrobo\" >\n\t<div class=\"modula-item-overlay\"><\/div>\n\n\t<div class=\"modula-item-content\">\n\n\t\t<a data-image-id=\"952\" role=\"button\" tabindex=\"0\" rel=\"jtg-987\" data-caption=\"2025\" aria-label=\"Bilder in Lightbox \u00f6ffnen\" class=\"tile-inner modula-item-link\"><\/a><img loading=\"lazy\" decoding=\"async\" class=\"pic wp-image-952\"  data-valign=\"middle\" data-halign=\"center\" alt=\"\" data-full=\"https:\/\/mv-steinmauern.de\/wp-content\/uploads\/2025\/07\/Besetzung-2025-2.jpg\" title=\"Besetzung-2025-2\" crop=\"\" width=\"2000\" height=\"1200\" src=\"https:\/\/mv-steinmauern.de\/wp-content\/uploads\/2025\/07\/Besetzung-2025-2-2000x1200.jpg\" data-src=\"https:\/\/mv-steinmauern.de\/wp-content\/uploads\/2025\/07\/Besetzung-2025-2-2000x1200.jpg\" data-caption=\"2025\"\/>\n\t\t<div class=\"figc\">\n\t\t\t<div class=\"figc-inner\">\n\t\t\t\t\t\t\t\t\t\t\t\t\t<div class=\"jtg-description\">2025<\/div>\n\t\t\t\t\t\t\t\t\t\t\t<\/div>\n\t\t<\/div>\n\n\t<\/div>\n\n<\/div><div class=\"modula-item effect-pufrobo\" >\n\t<div class=\"modula-item-overlay\"><\/div>\n\n\t<div class=\"modula-item-content\">\n\n\t\t<a data-image-id=\"742\" role=\"button\" tabindex=\"0\" rel=\"jtg-987\" data-caption=\"2024\" aria-label=\"Bilder in Lightbox \u00f6ffnen\" class=\"tile-inner modula-item-link\"><\/a><img loading=\"lazy\" decoding=\"async\" class=\"pic wp-image-742\"  data-valign=\"middle\" data-halign=\"center\" alt=\"\" data-full=\"https:\/\/mv-steinmauern.de\/wp-content\/uploads\/2024\/06\/Orchester-Konzert-2024-a.jpg\" title=\"Orchester-Konzert-2024-a\" crop=\"\" width=\"2000\" height=\"1200\" src=\"https:\/\/mv-steinmauern.de\/wp-content\/uploads\/2024\/06\/Orchester-Konzert-2024-a-2000x1200.jpg\" data-src=\"https:\/\/mv-steinmauern.de\/wp-content\/uploads\/2024\/06\/Orchester-Konzert-2024-a-2000x1200.jpg\" data-caption=\"2024\"\/>\n\t\t<div class=\"figc\">\n\t\t\t<div class=\"figc-inner\">\n\t\t\t\t\t\t\t\t\t\t\t\t\t<div class=\"jtg-description\">2024<\/div>\n\t\t\t\t\t\t\t\t\t\t\t<\/div>\n\t\t<\/div>\n\n\t<\/div>\n\n<\/div><div class=\"modula-item effect-pufrobo\" >\n\t<div class=\"modula-item-overlay\"><\/div>\n\n\t<div class=\"modula-item-content\">\n\n\t\t<a data-image-id=\"647\" role=\"button\" tabindex=\"0\" rel=\"jtg-987\" data-caption=\"2023\" aria-label=\"Bilder in Lightbox \u00f6ffnen\" class=\"tile-inner modula-item-link\"><\/a><img loading=\"lazy\" decoding=\"async\" class=\"pic wp-image-647\"  data-valign=\"middle\" data-halign=\"center\" alt=\"\" data-full=\"https:\/\/mv-steinmauern.de\/wp-content\/uploads\/2023\/12\/1-Orchester-Konzert-2023.jpg\" title=\"1-Orchester-Konzert-2023\" crop=\"\" width=\"2000\" height=\"1200\" src=\"https:\/\/mv-steinmauern.de\/wp-content\/uploads\/2023\/12\/1-Orchester-Konzert-2023-2000x1200.jpg\" data-src=\"https:\/\/mv-steinmauern.de\/wp-content\/uploads\/2023\/12\/1-Orchester-Konzert-2023-2000x1200.jpg\" data-caption=\"2023\"\/>\n\t\t<div class=\"figc\">\n\t\t\t<div class=\"figc-inner\">\n\t\t\t\t\t\t\t\t\t\t\t\t\t<div class=\"jtg-description\">2023<\/div>\n\t\t\t\t\t\t\t\t\t\t\t<\/div>\n\t\t<\/div>\n\n\t<\/div>\n\n<\/div><div class=\"modula-item effect-pufrobo\" >\n\t<div class=\"modula-item-overlay\"><\/div>\n\n\t<div class=\"modula-item-content\">\n\n\t\t<a data-image-id=\"597\" role=\"button\" tabindex=\"0\" rel=\"jtg-987\" data-caption=\"2023\" aria-label=\"Bilder in Lightbox \u00f6ffnen\" class=\"tile-inner modula-item-link\"><\/a><img loading=\"lazy\" decoding=\"async\" class=\"pic wp-image-597\"  data-valign=\"middle\" data-halign=\"center\" alt=\"\" data-full=\"https:\/\/mv-steinmauern.de\/wp-content\/uploads\/2023\/11\/Orchester-2023-Westen.jpg\" title=\"Orchester-2023-Westen\" crop=\"\" width=\"2000\" height=\"1023\" src=\"https:\/\/mv-steinmauern.de\/wp-content\/uploads\/2023\/11\/Orchester-2023-Westen.jpg\" data-src=\"https:\/\/mv-steinmauern.de\/wp-content\/uploads\/2023\/11\/Orchester-2023-Westen.jpg\" data-caption=\"2023\" srcset=\"https:\/\/mv-steinmauern.de\/wp-content\/uploads\/2023\/11\/Orchester-2023-Westen.jpg 2000w, https:\/\/mv-steinmauern.de\/wp-content\/uploads\/2023\/11\/Orchester-2023-Westen-300x153.jpg 300w, https:\/\/mv-steinmauern.de\/wp-content\/uploads\/2023\/11\/Orchester-2023-Westen-768x393.jpg 768w, https:\/\/mv-steinmauern.de\/wp-content\/uploads\/2023\/11\/Orchester-2023-Westen-1536x786.jpg 1536w\" sizes=\"auto, (max-width: 767px) 89vw, (max-width: 1000px) 54vw, (max-width: 1071px) 543px, 580px\" \/>\n\t\t<div class=\"figc\">\n\t\t\t<div class=\"figc-inner\">\n\t\t\t\t\t\t\t\t\t\t\t\t\t<div class=\"jtg-description\">2023<\/div>\n\t\t\t\t\t\t\t\t\t\t\t<\/div>\n\t\t<\/div>\n\n\t<\/div>\n\n<\/div><div class=\"modula-item effect-pufrobo\" >\n\t<div class=\"modula-item-overlay\"><\/div>\n\n\t<div class=\"modula-item-content\">\n\n\t\t<a data-image-id=\"6\" role=\"button\" tabindex=\"0\" rel=\"jtg-987\" data-caption=\"2018\" aria-label=\"Bilder in Lightbox \u00f6ffnen\" class=\"tile-inner modula-item-link\"><\/a><img loading=\"lazy\" decoding=\"async\" class=\"pic wp-image-6\"  data-valign=\"middle\" data-halign=\"center\" alt=\"\" data-full=\"https:\/\/mv-steinmauern.de\/wp-content\/uploads\/2019\/12\/IMG_0148-bearb.jpg\" title=\"IMG_0148 bearb\" crop=\"\" width=\"2000\" height=\"1200\" src=\"https:\/\/mv-steinmauern.de\/wp-content\/uploads\/2019\/12\/IMG_0148-bearb-2000x1200.jpg\" data-src=\"https:\/\/mv-steinmauern.de\/wp-content\/uploads\/2019\/12\/IMG_0148-bearb-2000x1200.jpg\" data-caption=\"2018\"\/>\n\t\t<div class=\"figc\">\n\t\t\t<div class=\"figc-inner\">\n\t\t\t\t\t\t\t\t\t\t\t\t\t<div class=\"jtg-description\">2018<\/div>\n\t\t\t\t\t\t\t\t\t\t\t<\/div>\n\t\t<\/div>\n\n\t<\/div>\n\n<\/div><div class=\"modula-item effect-pufrobo\" >\n\t<div class=\"modula-item-overlay\"><\/div>\n\n\t<div class=\"modula-item-content\">\n\n\t\t<a data-image-id=\"862\" role=\"button\" tabindex=\"0\" rel=\"jtg-987\" data-caption=\"Adventsmarkt 2024\" aria-label=\"Bilder in Lightbox \u00f6ffnen\" class=\"tile-inner modula-item-link\"><\/a><img loading=\"lazy\" decoding=\"async\" class=\"pic wp-image-862\"  data-valign=\"middle\" data-halign=\"center\" alt=\"\" data-full=\"https:\/\/mv-steinmauern.de\/wp-content\/uploads\/2024\/12\/Adventsmarkt-2024.jpeg\" title=\"Adventsmarkt 2024\" crop=\"\" width=\"2000\" height=\"1200\" src=\"https:\/\/mv-steinmauern.de\/wp-content\/uploads\/2024\/12\/Adventsmarkt-2024-2000x1200.jpeg\" data-src=\"https:\/\/mv-steinmauern.de\/wp-content\/uploads\/2024\/12\/Adventsmarkt-2024-2000x1200.jpeg\" data-caption=\"Adventsmarkt 2024\"\/>\n\t\t<div class=\"figc\">\n\t\t\t<div class=\"figc-inner\">\n\t\t\t\t\t\t\t\t\t\t\t\t\t<div class=\"jtg-description\">Adventsmarkt 2024<\/div>\n\t\t\t\t\t\t\t\t\t\t\t<\/div>\n\t\t<\/div>\n\n\t<\/div>\n\n<\/div><div class=\"modula-item effect-pufrobo\" >\n\t<div class=\"modula-item-overlay\"><\/div>\n\n\t<div class=\"modula-item-content\">\n\n\t\t<a data-image-id=\"861\" role=\"button\" tabindex=\"0\" rel=\"jtg-987\" data-caption=\"Weihnachtsstadl 2024\" aria-label=\"Bilder in Lightbox \u00f6ffnen\" class=\"tile-inner modula-item-link\"><\/a><img loading=\"lazy\" decoding=\"async\" class=\"pic wp-image-861\"  data-valign=\"middle\" data-halign=\"center\" alt=\"\" data-full=\"https:\/\/mv-steinmauern.de\/wp-content\/uploads\/2024\/12\/Weihnachtsstadl-2024.jpeg\" title=\"Weihnachtsstadl 2024\" crop=\"\" width=\"2000\" height=\"1200\" src=\"https:\/\/mv-steinmauern.de\/wp-content\/uploads\/2024\/12\/Weihnachtsstadl-2024-2000x1200.jpeg\" data-src=\"https:\/\/mv-steinmauern.de\/wp-content\/uploads\/2024\/12\/Weihnachtsstadl-2024-2000x1200.jpeg\" data-caption=\"Weihnachtsstadl 2024\"\/>\n\t\t<div class=\"figc\">\n\t\t\t<div class=\"figc-inner\">\n\t\t\t\t\t\t\t\t\t\t\t\t\t<div class=\"jtg-description\">Weihnachtsstadl 2024<\/div>\n\t\t\t\t\t\t\t\t\t\t\t<\/div>\n\t\t<\/div>\n\n\t<\/div>\n\n<\/div><div class=\"modula-item effect-pufrobo\" >\n\t<div class=\"modula-item-overlay\"><\/div>\n\n\t<div class=\"modula-item-content\">\n\n\t\t<a data-image-id=\"855\" role=\"button\" tabindex=\"0\" rel=\"jtg-987\" data-caption=\"H\u00e4hnchenfest 2024\" aria-label=\"Bilder in Lightbox \u00f6ffnen\" class=\"tile-inner modula-item-link\"><\/a><img loading=\"lazy\" decoding=\"async\" class=\"pic wp-image-855\"  data-valign=\"middle\" data-halign=\"center\" alt=\"\" data-full=\"https:\/\/mv-steinmauern.de\/wp-content\/uploads\/2024\/08\/Haehnchenfest-2024-002.jpg\" title=\"H\u00e4hnchenfest 2024\" crop=\"\" width=\"2000\" height=\"1061\" src=\"https:\/\/mv-steinmauern.de\/wp-content\/uploads\/2024\/08\/Haehnchenfest-2024-002-2000x1061.jpg\" data-src=\"https:\/\/mv-steinmauern.de\/wp-content\/uploads\/2024\/08\/Haehnchenfest-2024-002-2000x1061.jpg\" data-caption=\"H\u00e4hnchenfest 2024\"\/>\n\t\t<div class=\"figc\">\n\t\t\t<div class=\"figc-inner\">\n\t\t\t\t\t\t\t\t\t\t\t\t\t<div class=\"jtg-description\">H\u00e4hnchenfest 2024<\/div>\n\t\t\t\t\t\t\t\t\t\t\t<\/div>\n\t\t<\/div>\n\n\t<\/div>\n\n<\/div><div class=\"modula-item effect-pufrobo\" >\n\t<div class=\"modula-item-overlay\"><\/div>\n\n\t<div class=\"modula-item-content\">\n\n\t\t<a data-image-id=\"382\" role=\"button\" tabindex=\"0\" rel=\"jtg-987\" data-caption=\"Winterfeier 2020\" aria-label=\"Bilder in Lightbox \u00f6ffnen\" class=\"tile-inner modula-item-link\"><\/a><img loading=\"lazy\" decoding=\"async\" class=\"pic wp-image-382\"  data-valign=\"middle\" data-halign=\"center\" alt=\"\" data-full=\"https:\/\/mv-steinmauern.de\/wp-content\/uploads\/2020\/01\/IMG_5472.jpg\" title=\"Winterfeier 2020\" crop=\"\" width=\"1200\" height=\"800\" src=\"https:\/\/mv-steinmauern.de\/wp-content\/uploads\/2020\/01\/IMG_5472.jpg\" data-src=\"https:\/\/mv-steinmauern.de\/wp-content\/uploads\/2020\/01\/IMG_5472.jpg\" data-caption=\"Winterfeier 2020\" srcset=\"https:\/\/mv-steinmauern.de\/wp-content\/uploads\/2020\/01\/IMG_5472.jpg 1200w, https:\/\/mv-steinmauern.de\/wp-content\/uploads\/2020\/01\/IMG_5472-300x200.jpg 300w, https:\/\/mv-steinmauern.de\/wp-content\/uploads\/2020\/01\/IMG_5472-1024x683.jpg 1024w, https:\/\/mv-steinmauern.de\/wp-content\/uploads\/2020\/01\/IMG_5472-768x512.jpg 768w\" sizes=\"auto, (max-width: 767px) 89vw, (max-width: 1000px) 54vw, (max-width: 1071px) 543px, 580px\" \/>\n\t\t<div class=\"figc\">\n\t\t\t<div class=\"figc-inner\">\n\t\t\t\t\t\t\t\t\t\t\t\t\t<div class=\"jtg-description\">Winterfeier 2020<\/div>\n\t\t\t\t\t\t\t\t\t\t\t<\/div>\n\t\t<\/div>\n\n\t<\/div>\n\n<\/div><div class=\"modula-item effect-pufrobo\" >\n\t<div class=\"modula-item-overlay\"><\/div>\n\n\t<div class=\"modula-item-content\">\n\n\t\t<a data-image-id=\"377\" role=\"button\" tabindex=\"0\" rel=\"jtg-987\" data-caption=\"Probenwochenende 2019\" aria-label=\"Bilder in Lightbox \u00f6ffnen\" class=\"tile-inner modula-item-link\"><\/a><img loading=\"lazy\" decoding=\"async\" class=\"pic wp-image-377\"  data-valign=\"middle\" data-halign=\"center\" alt=\"\" data-full=\"https:\/\/mv-steinmauern.de\/wp-content\/uploads\/2020\/01\/PW-2019.jpg\" title=\"Probenwochenende 2019\" crop=\"\" width=\"1920\" height=\"1200\" src=\"https:\/\/mv-steinmauern.de\/wp-content\/uploads\/2020\/01\/PW-2019-1920x1200.jpg\" data-src=\"https:\/\/mv-steinmauern.de\/wp-content\/uploads\/2020\/01\/PW-2019-1920x1200.jpg\" data-caption=\"Probenwochenende 2019\"\/>\n\t\t<div class=\"figc\">\n\t\t\t<div class=\"figc-inner\">\n\t\t\t\t\t\t\t\t\t\t\t\t\t<div class=\"jtg-description\">Probenwochenende 2019<\/div>\n\t\t\t\t\t\t\t\t\t\t\t<\/div>\n\t\t<\/div>\n\n\t<\/div>\n\n<\/div>\t\t\n\t<\/div>\n\n\t\n\t\n\t<script type=\"application\/ld+json\">\n\t{\n\t\t\"@context\": \"http:\/\/schema.org\",\n\t\t\"@type\"   : \"ImageGallery\",\n\t\t\"id\"      : \"https:\/\/mv-steinmauern.de\/?page_id=21\/\",\n\t\t\"url\"     : \"https:\/\/mv-steinmauern.de\/?page_id=21\/\"\n\t}\n\n\t<\/script>\n\n\t\n<\/div>\n\n\n\n\n<div style=\"height:15px\" aria-hidden=\"true\" class=\"wp-block-spacer\"><\/div>\n\n\n\n<p>Zur <a href=\"https:\/\/mv-steinmauern.de\/?page_id=634\" data-type=\"page\" data-id=\"634\">Besetzung<\/a> >><\/p>\n\n\n\n<div style=\"height:20px\" aria-hidden=\"true\" class=\"wp-block-spacer\"><\/div>\n\n\n\n<p>Das Orchester wird seit M\u00e4rz 2024 von <a href=\"https:\/\/mv-steinmauern.de\/?page_id=60\" data-type=\"page\" data-id=\"60\">Eva-Maria Moosmann <\/a>dirigiert.<\/p>\n\n\n\n<p>Es pr\u00e4sentiert bei zahlreichen Veranstaltungen \u00fcber das Jahr hinweg Blasmusik vom Feinsten und leistet somit seinen Beitrag zum kulturellen Leben in der Region. Jedes Jahr &#8211; im Mai &#8211; findet das <strong><a href=\"http:\/\/mv-steinmauern.de\/?page_id=56\">Konzert <\/a><\/strong>des Musikverein Steinmauern statt. Es steht in der  Regel unter einem bestimmten Motto und markiert den musikalischen H\u00f6hepunkt im Jahresablauf des Vereins.<\/p>\n\n\n\n<p>Hier finden Sie die <strong><a href=\"http:\/\/mv-steinmauern.de\/?page_id=19\">Termine<\/a><\/strong> von Auftritten unseres Orchesters.<\/p>\n\n\n\n<p>Neben der Ausbildung von Kindern und Jugendlichen zur Sicherung des Orchester-Nachwuchses gewinnt der Verein durch seine <a href=\"https:\/\/mv-steinmauern.de\/?page_id=503\" data-type=\"page\" data-id=\"503\">Aktion &#8222;reife Musiker&#8220;<\/a> immer wieder gerne Erwachsene zur Verst\u00e4rkung des Orchesters.<\/p>\n","protected":false},"excerpt":{"rendered":"<p>Der Musikverein Steinmauern spielt zur Zeit mit einer ca. 40-k\u00f6pfigen Besetzung. Davon ist fast die H\u00e4lfte weiblich. Das Repertoire erstreckt sich von der traditionellen \u00fcber konzertante Blasmusik bis hin zu modernen Musikrichtungen. Zur Besetzung >> Das Orchester wird seit M\u00e4rz 2024 von Eva-Maria Moosmann dirigiert. Es pr\u00e4sentiert bei zahlreichen Veranstaltungen \u00fcber das Jahr hinweg Blasmusik &hellip; <\/p>\n<p class=\"link-more\"><a href=\"https:\/\/mv-steinmauern.de\/?page_id=21\" class=\"more-link\"><span class=\"screen-reader-text\">\u201eDas Haupt-Orchester\u201c <\/span>weiterlesen<\/a><\/p>\n","protected":false},"author":1,"featured_media":515,"parent":0,"menu_order":0,"comment_status":"closed","ping_status":"closed","template":"","meta":{"footnotes":""},"class_list":["post-21","page","type-page","status-publish","has-post-thumbnail","hentry"],"_links":{"self":[{"href":"https:\/\/mv-steinmauern.de\/index.php?rest_route=\/wp\/v2\/pages\/21","targetHints":{"allow":["GET"]}}],"collection":[{"href":"https:\/\/mv-steinmauern.de\/index.php?rest_route=\/wp\/v2\/pages"}],"about":[{"href":"https:\/\/mv-steinmauern.de\/index.php?rest_route=\/wp\/v2\/types\/page"}],"author":[{"embeddable":true,"href":"https:\/\/mv-steinmauern.de\/index.php?rest_route=\/wp\/v2\/users\/1"}],"replies":[{"embeddable":true,"href":"https:\/\/mv-steinmauern.de\/index.php?rest_route=%2Fwp%2Fv2%2Fcomments&post=21"}],"version-history":[{"count":31,"href":"https:\/\/mv-steinmauern.de\/index.php?rest_route=\/wp\/v2\/pages\/21\/revisions"}],"predecessor-version":[{"id":992,"href":"https:\/\/mv-steinmauern.de\/index.php?rest_route=\/wp\/v2\/pages\/21\/revisions\/992"}],"wp:featuredmedia":[{"embeddable":true,"href":"https:\/\/mv-steinmauern.de\/index.php?rest_route=\/wp\/v2\/media\/515"}],"wp:attachment":[{"href":"https:\/\/mv-steinmauern.de\/index.php?rest_route=%2Fwp%2Fv2%2Fmedia&parent=21"}],"curies":[{"name":"wp","href":"https:\/\/api.w.org\/{rel}","templated":true}]}}