{"id":18,"date":"2019-12-30T09:01:22","date_gmt":"2019-12-30T09:01:22","guid":{"rendered":"http:\/\/mv-steinmauern.de\/?page_id=18"},"modified":"2025-07-30T11:26:37","modified_gmt":"2025-07-30T10:26:37","slug":"verein","status":"publish","type":"page","link":"https:\/\/mv-steinmauern.de\/?page_id=18","title":{"rendered":"Verein"},"content":{"rendered":"\n<p>Mit zahlreichen Auftritten tr\u00e4gt der Musikverein Steinmauern zum kulturellen Geschehen im Dorf &#8211; und auch \u00fcber dessen Grenzen hinaus &#8211; bei. Sowohl bei weltlichen als auch bei kirchlichen Veranstaltungen ist der Musikverein&nbsp;aktiv. H\u00f6hepunkte des Vereinsjahres sind das <a href=\"http:\/\/mv-steinmauern.de\/?page_id=56\">Konzert<\/a>, die <a href=\"http:\/\/mv-steinmauern.de\/?page_id=57\">Winterfeier<\/a> und das <a href=\"http:\/\/mv-steinmauern.de\/?page_id=136\">Heckenfest<\/a>. <\/p>\n\n\n\n<p>Verschiedene vereinsinterne Veranstaltungen wie das Probenwochendende, das Helferfest, Ausfl\u00fcge, usw. runden das aktive Vereinsleben ab.<\/p>\n\n\n\n<div class=\"wp-block-group alignwide\"><div class=\"wp-block-group__inner-container is-layout-flow wp-block-group-is-layout-flow\">\n<div class=\"wp-block-media-text alignwide is-vertically-aligned-center has-background\"><figure class=\"wp-block-media-text__media\"><img loading=\"lazy\" decoding=\"async\" width=\"1000\" height=\"274\" src=\"https:\/\/mv-steinmauern.de\/wp-content\/uploads\/2023\/10\/mvs-logo-white.png\" alt=\"\" class=\"wp-image-589 size-full\" srcset=\"https:\/\/mv-steinmauern.de\/wp-content\/uploads\/2023\/10\/mvs-logo-white.png 1000w, https:\/\/mv-steinmauern.de\/wp-content\/uploads\/2023\/10\/mvs-logo-white-300x82.png 300w, https:\/\/mv-steinmauern.de\/wp-content\/uploads\/2023\/10\/mvs-logo-white-768x210.png 768w\" sizes=\"auto, (max-width: 767px) 89vw, (max-width: 1000px) 54vw, (max-width: 1071px) 543px, 580px\" \/><\/figure><div class=\"wp-block-media-text__content\">\n<p>Vorstand<\/p>\n\n\n\n<p class=\"has-vivid-cyan-blue-color has-text-color\"><strong>1. Vorstand: Daniel Klein<\/strong><br><a href=\"mailto:vorstand@musikverein-steinmauern.de\">vorstand@musikverein-steinmauern.de<\/a><\/p>\n\n\n\n<p class=\"has-vivid-cyan-blue-color has-text-color\"><br><a href=\"http:\/\/mv-steinmauern.de\/?page_id=61\">Kontakt &gt;&gt;<\/a><\/p>\n<\/div><\/div>\n<\/div><\/div>\n\n\n\n<div style=\"height:34px\" aria-hidden=\"true\" class=\"wp-block-spacer\"><\/div>\n\n\n\n<p>Die Geschicke des Vereins werden von einer 12-k\u00f6pfigen <strong>Vorstandschaft<\/strong> geleitet. \u00dcber den Vorstand hinaus sind dies: Kassier Patrick Wild, Schriftf\u00fchrerin Andrea G\u00f6tz, Musikervorstand Fabian Gr\u00fcnbacher, Jugendleitung Celina und Nico Boos und die Beisitzer Karlheinz Boos (Vizedirigent, Ausbildungsleiter, Mitgliederverwaltung, GEMA), Martin Boos (Instrumentenwart), Martin Fettig, Maik Gr\u00fcnbacher, Lara Potsch und Dieter Wild. <br><a href=\"http:\/\/mv-steinmauern.de\/?page_id=61\">Kontakt >><\/a> <\/p>\n\n\n\n<p>Der Musikverein Steinmauern ist Mitglied der Bezirksgruppe Hardt im  <a rel=\"noreferrer noopener\" aria-label=\" (\u00f6ffnet in neuem Tab)\" href=\"http:\/\/www.bmv-mittelbaden.de\/\" target=\"_blank\">Blasmusikverband Mittelbaden e.V.<\/a><\/p>\n\n\n\n<div style=\"height:30px\" aria-hidden=\"true\" class=\"wp-block-spacer\"><\/div>\n\n\n\n<h4 class=\"wp-block-heading\">Mitgliedschaft<\/h4>\n\n\n\n<p><strong>Jugend<br><\/strong>Hast DU Interesse, ein Blasinstrument zu lernen? Oder kannst du vielleicht sogar schon eins spielen, dann solltest <a href=\"http:\/\/mv-steinmauern.de\/?page_id=228\">du hier weiter lesen \u2026 <\/a><\/p>\n\n\n\n<p><strong>Orchester<\/strong><br>Wir suchen wir immer nach Blasmusikern, die uns verst\u00e4rken k\u00f6nnen. <br><a href=\"http:\/\/mv-steinmauern.de\/?p=220\">Vielleicht w\u00e4rst DU ja genau der\/die Richtige \u2026  <\/a><\/p>\n\n\n\n<p><strong>Passive, f\u00f6rdernde Mitglieder<br><\/strong><a href=\"http:\/\/mv-steinmauern.de\/?page_id=224\">Werden Sie f\u00f6rderndes Mitglied<\/a> und unterst\u00fctzen Sie uns so, unserem kulturellen Auftrag auch in der Zukunft gerecht werden zu k\u00f6nnen. <\/p>\n","protected":false},"excerpt":{"rendered":"<p>Mit zahlreichen Auftritten tr\u00e4gt der Musikverein Steinmauern zum kulturellen Geschehen im Dorf &#8211; und auch \u00fcber dessen Grenzen hinaus &#8211; bei. Sowohl bei weltlichen als auch bei kirchlichen Veranstaltungen ist der Musikverein&nbsp;aktiv. H\u00f6hepunkte des Vereinsjahres sind das Konzert, die Winterfeier und das Heckenfest. Verschiedene vereinsinterne Veranstaltungen wie das Probenwochendende, das Helferfest, Ausfl\u00fcge, usw. runden das &hellip; <\/p>\n<p class=\"link-more\"><a href=\"https:\/\/mv-steinmauern.de\/?page_id=18\" class=\"more-link\"><span class=\"screen-reader-text\">\u201eVerein\u201c <\/span>weiterlesen<\/a><\/p>\n","protected":false},"author":1,"featured_media":515,"parent":0,"menu_order":0,"comment_status":"closed","ping_status":"closed","template":"","meta":{"footnotes":""},"class_list":["post-18","page","type-page","status-publish","has-post-thumbnail","hentry"],"_links":{"self":[{"href":"https:\/\/mv-steinmauern.de\/index.php?rest_route=\/wp\/v2\/pages\/18","targetHints":{"allow":["GET"]}}],"collection":[{"href":"https:\/\/mv-steinmauern.de\/index.php?rest_route=\/wp\/v2\/pages"}],"about":[{"href":"https:\/\/mv-steinmauern.de\/index.php?rest_route=\/wp\/v2\/types\/page"}],"author":[{"embeddable":true,"href":"https:\/\/mv-steinmauern.de\/index.php?rest_route=\/wp\/v2\/users\/1"}],"replies":[{"embeddable":true,"href":"https:\/\/mv-steinmauern.de\/index.php?rest_route=%2Fwp%2Fv2%2Fcomments&post=18"}],"version-history":[{"count":30,"href":"https:\/\/mv-steinmauern.de\/index.php?rest_route=\/wp\/v2\/pages\/18\/revisions"}],"predecessor-version":[{"id":668,"href":"https:\/\/mv-steinmauern.de\/index.php?rest_route=\/wp\/v2\/pages\/18\/revisions\/668"}],"wp:featuredmedia":[{"embeddable":true,"href":"https:\/\/mv-steinmauern.de\/index.php?rest_route=\/wp\/v2\/media\/515"}],"wp:attachment":[{"href":"https:\/\/mv-steinmauern.de\/index.php?rest_route=%2Fwp%2Fv2%2Fmedia&parent=18"}],"curies":[{"name":"wp","href":"https:\/\/api.w.org\/{rel}","templated":true}]}}