{"id":152,"date":"2020-01-02T13:51:35","date_gmt":"2020-01-02T12:51:35","guid":{"rendered":"http:\/\/mv-steinmauern.de\/?page_id=152"},"modified":"2024-03-24T10:22:51","modified_gmt":"2024-03-24T09:22:51","slug":"dirigenten","status":"publish","type":"page","link":"https:\/\/mv-steinmauern.de\/?page_id=152","title":{"rendered":"Dirigenten"},"content":{"rendered":"\n<ul class=\"wp-block-list\">\n<li>1951 &#8211; 1953   Fischer (Rastatt)<\/li>\n\n\n\n<li>1953 &#8211; 1967   Eugen Rapp (Bietigheim)<\/li>\n\n\n\n<li>1967 &#8211; 1968   Otto Romberg (Steinmauern)<\/li>\n\n\n\n<li>1968 &#8211; 1975   Anton Kemkemmer (Rastatt)<\/li>\n\n\n\n<li>1975 &#8211; 1995   Willi Schnepf (Steinmauern)<\/li>\n\n\n\n<li>1995 &#8211; 1997   Thomas M\u00fcller (Iffezheim)<\/li>\n\n\n\n<li>1997 &#8211; 2004   Benno Kiefer (Baden-Baden)<\/li>\n\n\n\n<li>2004 &#8211; 2011   Bernd Stiegeler (Karlsruhe)<\/li>\n\n\n\n<li>2011 &#8211; 2020  J\u00fcrgen B\u00e4uerle (B\u00fchlertal)<\/li>\n\n\n\n<li>2021-2024 Edgar D\u00f6rner<\/li>\n<\/ul>\n","protected":false},"excerpt":{"rendered":"","protected":false},"author":1,"featured_media":0,"parent":0,"menu_order":0,"comment_status":"closed","ping_status":"closed","template":"","meta":{"footnotes":""},"class_list":["post-152","page","type-page","status-publish","hentry"],"_links":{"self":[{"href":"https:\/\/mv-steinmauern.de\/index.php?rest_route=\/wp\/v2\/pages\/152","targetHints":{"allow":["GET"]}}],"collection":[{"href":"https:\/\/mv-steinmauern.de\/index.php?rest_route=\/wp\/v2\/pages"}],"about":[{"href":"https:\/\/mv-steinmauern.de\/index.php?rest_route=\/wp\/v2\/types\/page"}],"author":[{"embeddable":true,"href":"https:\/\/mv-steinmauern.de\/index.php?rest_route=\/wp\/v2\/users\/1"}],"replies":[{"embeddable":true,"href":"https:\/\/mv-steinmauern.de\/index.php?rest_route=%2Fwp%2Fv2%2Fcomments&post=152"}],"version-history":[{"count":3,"href":"https:\/\/mv-steinmauern.de\/index.php?rest_route=\/wp\/v2\/pages\/152\/revisions"}],"predecessor-version":[{"id":664,"href":"https:\/\/mv-steinmauern.de\/index.php?rest_route=\/wp\/v2\/pages\/152\/revisions\/664"}],"wp:attachment":[{"href":"https:\/\/mv-steinmauern.de\/index.php?rest_route=%2Fwp%2Fv2%2Fmedia&parent=152"}],"curies":[{"name":"wp","href":"https:\/\/api.w.org\/{rel}","templated":true}]}}