{"id":136,"date":"2020-01-02T13:30:57","date_gmt":"2020-01-02T12:30:57","guid":{"rendered":"http:\/\/mv-steinmauern.de\/?page_id=136"},"modified":"2025-07-30T11:23:07","modified_gmt":"2025-07-30T10:23:07","slug":"heckenfest","status":"publish","type":"page","link":"https:\/\/mv-steinmauern.de\/?page_id=136","title":{"rendered":"Heckenfest"},"content":{"rendered":"\n<p>Allj\u00e4hrlich im Sommer feiert der Musikverein sein &#8222;Heckenfest&#8220; zusammen mit den Steinmaurer B\u00fcrgern unter den Obstb\u00e4umen hinter der Turn- und Festhalle. L\u00e4ngst ist dieses kleine, gem\u00fctliche Fest eine &#8222;feste Einrichtung&#8220; im Steinmaurer Orts-Kalender geworden, die auch zahlreiche G\u00e4ste aus der Umgebung anzieht. Die Besucher werden von den Musikern des MV und vielen freiwilligen Helfern bestens bewirtet. Die G\u00e4ste erwartet ein reichhaltiges Speise- und Getr\u00e4nkeangebot, gepaart mit sch\u00f6ner Blasmusik, gespielt von befreundeten Kapellen. Und das alles in der tollen nat\u00fcrlichen Umgebung des &#8222;Heckenfestplatzes&#8220;. Das sorgt daf\u00fcr, dass sich G\u00e4ste (und nat\u00fcrlich auch die Veranstalter) rundum wohl f\u00fchlen. <\/p>\n\n\n\n<figure class=\"wp-block-gallery has-nested-images columns-default is-cropped wp-block-gallery-1 is-layout-flex wp-block-gallery-is-layout-flex\">\n<figure class=\"wp-block-image size-large\"><a href=\"https:\/\/mv-steinmauern.de\/wp-content\/uploads\/2020\/01\/P1080047-scaled.jpg\"><img loading=\"lazy\" decoding=\"async\" width=\"1024\" height=\"768\" data-id=\"156\" src=\"http:\/\/mv-steinmauern.de\/wp-content\/uploads\/2020\/01\/P1080047-1024x768.jpg\" alt=\"\" class=\"wp-image-156\" srcset=\"https:\/\/mv-steinmauern.de\/wp-content\/uploads\/2020\/01\/P1080047-1024x768.jpg 1024w, https:\/\/mv-steinmauern.de\/wp-content\/uploads\/2020\/01\/P1080047-300x225.jpg 300w, https:\/\/mv-steinmauern.de\/wp-content\/uploads\/2020\/01\/P1080047-768x576.jpg 768w, https:\/\/mv-steinmauern.de\/wp-content\/uploads\/2020\/01\/P1080047-1536x1152.jpg 1536w, https:\/\/mv-steinmauern.de\/wp-content\/uploads\/2020\/01\/P1080047-2048x1536.jpg 2048w\" sizes=\"auto, (max-width: 767px) 89vw, (max-width: 1000px) 54vw, (max-width: 1071px) 543px, 580px\" \/><\/a><\/figure>\n\n\n\n<figure class=\"wp-block-image size-large\"><a href=\"https:\/\/mv-steinmauern.de\/wp-content\/uploads\/2020\/01\/heckenfest1-scaled.jpg\"><img loading=\"lazy\" decoding=\"async\" width=\"1024\" height=\"431\" data-id=\"157\" src=\"http:\/\/mv-steinmauern.de\/wp-content\/uploads\/2020\/01\/heckenfest1-1024x431.jpg\" alt=\"\" class=\"wp-image-157\" srcset=\"https:\/\/mv-steinmauern.de\/wp-content\/uploads\/2020\/01\/heckenfest1-1024x431.jpg 1024w, https:\/\/mv-steinmauern.de\/wp-content\/uploads\/2020\/01\/heckenfest1-300x126.jpg 300w, https:\/\/mv-steinmauern.de\/wp-content\/uploads\/2020\/01\/heckenfest1-768x323.jpg 768w, https:\/\/mv-steinmauern.de\/wp-content\/uploads\/2020\/01\/heckenfest1-1536x646.jpg 1536w, https:\/\/mv-steinmauern.de\/wp-content\/uploads\/2020\/01\/heckenfest1-2048x862.jpg 2048w\" sizes=\"auto, (max-width: 767px) 89vw, (max-width: 1000px) 54vw, (max-width: 1071px) 543px, 580px\" \/><\/a><\/figure>\n\n\n\n<figure class=\"wp-block-image size-large\"><a href=\"https:\/\/mv-steinmauern.de\/wp-content\/uploads\/2020\/01\/heckenfest3.jpg\"><img loading=\"lazy\" decoding=\"async\" width=\"1024\" height=\"768\" data-id=\"159\" src=\"http:\/\/mv-steinmauern.de\/wp-content\/uploads\/2020\/01\/heckenfest3-1024x768.jpg\" alt=\"\" class=\"wp-image-159\" srcset=\"https:\/\/mv-steinmauern.de\/wp-content\/uploads\/2020\/01\/heckenfest3-1024x768.jpg 1024w, https:\/\/mv-steinmauern.de\/wp-content\/uploads\/2020\/01\/heckenfest3-300x225.jpg 300w, https:\/\/mv-steinmauern.de\/wp-content\/uploads\/2020\/01\/heckenfest3-768x576.jpg 768w, https:\/\/mv-steinmauern.de\/wp-content\/uploads\/2020\/01\/heckenfest3.jpg 1280w\" sizes=\"auto, (max-width: 767px) 89vw, (max-width: 1000px) 54vw, (max-width: 1071px) 543px, 580px\" \/><\/a><\/figure>\n\n\n\n<figure class=\"wp-block-image size-large\"><a href=\"https:\/\/mv-steinmauern.de\/wp-content\/uploads\/2020\/01\/heckenfest2-scaled.jpg\"><img loading=\"lazy\" decoding=\"async\" width=\"1024\" height=\"583\" data-id=\"158\" src=\"http:\/\/mv-steinmauern.de\/wp-content\/uploads\/2020\/01\/heckenfest2-1024x583.jpg\" alt=\"\" class=\"wp-image-158\" srcset=\"https:\/\/mv-steinmauern.de\/wp-content\/uploads\/2020\/01\/heckenfest2-1024x583.jpg 1024w, https:\/\/mv-steinmauern.de\/wp-content\/uploads\/2020\/01\/heckenfest2-300x171.jpg 300w, https:\/\/mv-steinmauern.de\/wp-content\/uploads\/2020\/01\/heckenfest2-768x438.jpg 768w, https:\/\/mv-steinmauern.de\/wp-content\/uploads\/2020\/01\/heckenfest2-1536x875.jpg 1536w, https:\/\/mv-steinmauern.de\/wp-content\/uploads\/2020\/01\/heckenfest2-2048x1167.jpg 2048w\" sizes=\"auto, (max-width: 767px) 89vw, (max-width: 1000px) 54vw, (max-width: 1071px) 543px, 580px\" \/><\/a><\/figure>\n\n\n\n<figure class=\"wp-block-image size-large\"><a href=\"https:\/\/mv-steinmauern.de\/wp-content\/uploads\/2020\/01\/heckenfest4.jpg\"><img loading=\"lazy\" decoding=\"async\" width=\"1024\" height=\"768\" data-id=\"160\" src=\"http:\/\/mv-steinmauern.de\/wp-content\/uploads\/2020\/01\/heckenfest4-1024x768.jpg\" alt=\"\" class=\"wp-image-160\" srcset=\"https:\/\/mv-steinmauern.de\/wp-content\/uploads\/2020\/01\/heckenfest4-1024x768.jpg 1024w, https:\/\/mv-steinmauern.de\/wp-content\/uploads\/2020\/01\/heckenfest4-300x225.jpg 300w, https:\/\/mv-steinmauern.de\/wp-content\/uploads\/2020\/01\/heckenfest4-768x576.jpg 768w, https:\/\/mv-steinmauern.de\/wp-content\/uploads\/2020\/01\/heckenfest4.jpg 1280w\" sizes=\"auto, (max-width: 767px) 89vw, (max-width: 1000px) 54vw, (max-width: 1071px) 543px, 580px\" \/><\/a><\/figure>\n<\/figure>\n\n\n\n<p>Das Heckenfest ist und bleibt ein Ereignis, das immer wieder seine eigenen Geschichten schreibt. Sei es durch laue Sommern\u00e4chte, unerwartete Gewitterst\u00fcrme oder einfach nur durch die Ausdauer und Begeisterung der Menschen, die das Fest besuchen.<\/p>\n","protected":false},"excerpt":{"rendered":"<p>Allj\u00e4hrlich im Sommer feiert der Musikverein sein &#8222;Heckenfest&#8220; zusammen mit den Steinmaurer B\u00fcrgern unter den Obstb\u00e4umen hinter der Turn- und Festhalle. L\u00e4ngst ist dieses kleine, gem\u00fctliche Fest eine &#8222;feste Einrichtung&#8220; im Steinmaurer Orts-Kalender geworden, die auch zahlreiche G\u00e4ste aus der Umgebung anzieht. Die Besucher werden von den Musikern des MV und vielen freiwilligen Helfern bestens &hellip; <\/p>\n<p class=\"link-more\"><a href=\"https:\/\/mv-steinmauern.de\/?page_id=136\" class=\"more-link\"><span class=\"screen-reader-text\">\u201eHeckenfest\u201c <\/span>weiterlesen<\/a><\/p>\n","protected":false},"author":1,"featured_media":515,"parent":0,"menu_order":0,"comment_status":"closed","ping_status":"closed","template":"","meta":{"footnotes":""},"class_list":["post-136","page","type-page","status-publish","has-post-thumbnail","hentry"],"_links":{"self":[{"href":"https:\/\/mv-steinmauern.de\/index.php?rest_route=\/wp\/v2\/pages\/136","targetHints":{"allow":["GET"]}}],"collection":[{"href":"https:\/\/mv-steinmauern.de\/index.php?rest_route=\/wp\/v2\/pages"}],"about":[{"href":"https:\/\/mv-steinmauern.de\/index.php?rest_route=\/wp\/v2\/types\/page"}],"author":[{"embeddable":true,"href":"https:\/\/mv-steinmauern.de\/index.php?rest_route=\/wp\/v2\/users\/1"}],"replies":[{"embeddable":true,"href":"https:\/\/mv-steinmauern.de\/index.php?rest_route=%2Fwp%2Fv2%2Fcomments&post=136"}],"version-history":[{"count":5,"href":"https:\/\/mv-steinmauern.de\/index.php?rest_route=\/wp\/v2\/pages\/136\/revisions"}],"predecessor-version":[{"id":550,"href":"https:\/\/mv-steinmauern.de\/index.php?rest_route=\/wp\/v2\/pages\/136\/revisions\/550"}],"wp:featuredmedia":[{"embeddable":true,"href":"https:\/\/mv-steinmauern.de\/index.php?rest_route=\/wp\/v2\/media\/515"}],"wp:attachment":[{"href":"https:\/\/mv-steinmauern.de\/index.php?rest_route=%2Fwp%2Fv2%2Fmedia&parent=136"}],"curies":[{"name":"wp","href":"https:\/\/api.w.org\/{rel}","templated":true}]}}